{"id":26962,"date":"2026-01-14T09:14:55","date_gmt":"2026-01-14T08:14:55","guid":{"rendered":"https:\/\/spitze.se\/?page_id=26962"},"modified":"2026-03-30T15:48:58","modified_gmt":"2026-03-30T13:48:58","slug":"nyheter","status":"publish","type":"page","link":"https:\/\/spitze.se\/en\/nyheter\/","title":{"rendered":"What's new"},"content":{"rendered":"<p>[et_pb_section fb_built=&#8221;1&#8243; custom_padding_last_edited=&#8221;on|tablet&#8221; module_class=&#8221;hero-video&#8221; _builder_version=&#8221;4.27.6&#8243; _module_preset=&#8221;default&#8221; background_video_mp4=&#8221;https:\/\/spitze.se\/wp-content\/uploads\/2024\/12\/spitze-ny.mp4&#8243; custom_padding=&#8221;120px|50px|120px|50px|true|true&#8221; custom_padding_tablet=&#8221;180px|30px|180px|30px|true|true&#8221; custom_padding_phone=&#8221;120px|20px|120px|20px|true|true&#8221; hover_enabled=&#8221;0&#8243; locked=&#8221;off&#8221; global_colors_info=&#8221;{}&#8221; title_text=&#8221;spitze-ny&#8221; sticky_enabled=&#8221;0&#8243;][et_pb_row _builder_version=&#8221;4.27.0&#8243; _module_preset=&#8221;default&#8221; custom_padding=&#8221;0px||0px||false|false&#8221; global_colors_info=&#8221;{}&#8221;][et_pb_column type=&#8221;4_4&#8243; _builder_version=&#8221;4.27.0&#8243; _module_preset=&#8221;default&#8221; global_colors_info=&#8221;{}&#8221;][et_pb_text module_class=&#8221;aos-fade-up&#8221; _builder_version=&#8221;4.27.4&#8243; _module_preset=&#8221;default&#8221; text_text_color=&#8221;#FFFFFF&#8221; text_line_height=&#8221;1.5em&#8221; header_text_color=&#8221;#FFFFFF&#8221; global_colors_info=&#8221;{}&#8221;]<\/p>\n<h1 style=\"text-align: center;\">Nyheter<\/h1>\n<p style=\"text-align: center;\">H\u00e4r hittar du de senaste nyheterna fr\u00e5n oss p\u00e5 Spitze.<\/p>\n<p>[\/et_pb_text][et_pb_text _builder_version=&#8221;4.27.0&#8243; _module_preset=&#8221;default&#8221; text_text_color=&#8221;#FFFFFF&#8221; header_text_color=&#8221;#FFFFFF&#8221; global_colors_info=&#8221;{}&#8221;]<\/p>\n<p style=\"text-align: center;\"><i class=\"fa-solid fa-chevron-down bounce\"><\/i><\/p>\n<p>[\/et_pb_text][\/et_pb_column][\/et_pb_row][\/et_pb_section][et_pb_section fb_built=&#8221;1&#8243; custom_padding_last_edited=&#8221;on|phone&#8221; _builder_version=&#8221;4.27.4&#8243; _module_preset=&#8221;default&#8221; background_color=&#8221;#f3f1ef&#8221; custom_padding=&#8221;100px|50px|100px|50px|true|true&#8221; custom_padding_tablet=&#8221;80px|30px|80px|30px|true|true&#8221; custom_padding_phone=&#8221;50px|20px|50px|20px|true|true&#8221; global_colors_info=&#8221;{}&#8221;][et_pb_row _builder_version=&#8221;4.27.0&#8243; _module_preset=&#8221;default&#8221; custom_padding=&#8221;0px||0px||false|false&#8221; global_colors_info=&#8221;{}&#8221;][et_pb_column type=&#8221;4_4&#8243; _builder_version=&#8221;4.27.0&#8243; _module_preset=&#8221;default&#8221; global_colors_info=&#8221;{}&#8221;][et_pb_blog fullwidth=&#8221;off&#8221; posts_number=&#8221;6&#8243; excerpt_length=&#8221;120&#8243; show_more=&#8221;on&#8221; show_author=&#8221;off&#8221; show_date=&#8221;off&#8221; module_class=&#8221;news-wrapper w-33&#8243; _builder_version=&#8221;4.27.5&#8243; _module_preset=&#8221;default&#8221; read_more_text_color=&#8221;gcid-030986f0-913a-46c1-8a46-f6513e9bd66a&#8221; global_colors_info=&#8221;{%22gcid-25d4a206-4a37-486e-960c-5d3e41be4424%22:%91%22read_more_text_color__hover%22%93,%22gcid-030986f0-913a-46c1-8a46-f6513e9bd66a%22:%91%22read_more_text_color%22%93}&#8221; read_more_text_color__hover_enabled=&#8221;on|desktop&#8221; read_more_text_color__hover=&#8221;#a7d7da&#8221;][\/et_pb_blog][\/et_pb_column][\/et_pb_row][\/et_pb_section]<\/p>\n","protected":false},"excerpt":{"rendered":"<p>Nyheter H\u00e4r hittar du de senaste nyheterna fr\u00e5n oss p\u00e5 Spitze.<\/p>","protected":false},"author":3,"featured_media":0,"parent":0,"menu_order":0,"comment_status":"closed","ping_status":"closed","template":"","meta":{"_acf_changed":false,"_et_pb_use_builder":"on","_et_pb_old_content":"","_et_gb_content_width":"","footnotes":""},"class_list":["post-26962","page","type-page","status-publish","hentry"],"acf":[],"yoast_head":"<!-- This site is optimized with the Yoast SEO plugin v27.4 - https:\/\/yoast.com\/product\/yoast-seo-wordpress\/ -->\n<title>Nyheter - Spitze<\/title>\n<meta name=\"robots\" content=\"index, follow, max-snippet:-1, max-image-preview:large, max-video-preview:-1\" \/>\n<link rel=\"canonical\" href=\"https:\/\/spitze.se\/en\/nyheter\/\" \/>\n<meta property=\"og:locale\" content=\"en_GB\" \/>\n<meta property=\"og:type\" content=\"article\" \/>\n<meta property=\"og:title\" content=\"Nyheter - Spitze\" \/>\n<meta property=\"og:url\" content=\"https:\/\/spitze.se\/en\/nyheter\/\" \/>\n<meta property=\"og:site_name\" content=\"Spitze\" \/>\n<meta property=\"article:modified_time\" content=\"2026-03-30T13:48:58+00:00\" \/>\n<meta name=\"twitter:card\" content=\"summary_large_image\" \/>\n<meta name=\"twitter:label1\" content=\"Est. reading time\" \/>\n\t<meta name=\"twitter:data1\" content=\"1 minute\" \/>\n<script type=\"application\/ld+json\" class=\"yoast-schema-graph\">{\"@context\":\"https:\\\/\\\/schema.org\",\"@graph\":[{\"@type\":\"WebPage\",\"@id\":\"https:\\\/\\\/spitze.se\\\/nyheter\\\/\",\"url\":\"https:\\\/\\\/spitze.se\\\/nyheter\\\/\",\"name\":\"Nyheter - Spitze\",\"isPartOf\":{\"@id\":\"https:\\\/\\\/spitze.se\\\/#website\"},\"datePublished\":\"2026-01-14T08:14:55+00:00\",\"dateModified\":\"2026-03-30T13:48:58+00:00\",\"breadcrumb\":{\"@id\":\"https:\\\/\\\/spitze.se\\\/nyheter\\\/#breadcrumb\"},\"inLanguage\":\"en-GB\",\"potentialAction\":[{\"@type\":\"ReadAction\",\"target\":[\"https:\\\/\\\/spitze.se\\\/nyheter\\\/\"]}]},{\"@type\":\"BreadcrumbList\",\"@id\":\"https:\\\/\\\/spitze.se\\\/nyheter\\\/#breadcrumb\",\"itemListElement\":[{\"@type\":\"ListItem\",\"position\":1,\"name\":\"Home\",\"item\":\"https:\\\/\\\/spitze.se\\\/\"},{\"@type\":\"ListItem\",\"position\":2,\"name\":\"Nyheter\"}]},{\"@type\":\"WebSite\",\"@id\":\"https:\\\/\\\/spitze.se\\\/#website\",\"url\":\"https:\\\/\\\/spitze.se\\\/\",\"name\":\"Spitze\",\"description\":\"Automatiserade f\u00f6rpackningsl\u00f6sningar\",\"potentialAction\":[{\"@type\":\"SearchAction\",\"target\":{\"@type\":\"EntryPoint\",\"urlTemplate\":\"https:\\\/\\\/spitze.se\\\/?s={search_term_string}\"},\"query-input\":{\"@type\":\"PropertyValueSpecification\",\"valueRequired\":true,\"valueName\":\"search_term_string\"}}],\"inLanguage\":\"en-GB\"}]}<\/script>\n<!-- \/ Yoast SEO plugin. -->","yoast_head_json":{"title":"Nyheter - Spitze","robots":{"index":"index","follow":"follow","max-snippet":"max-snippet:-1","max-image-preview":"max-image-preview:large","max-video-preview":"max-video-preview:-1"},"canonical":"https:\/\/spitze.se\/en\/nyheter\/","og_locale":"en_GB","og_type":"article","og_title":"Nyheter - Spitze","og_url":"https:\/\/spitze.se\/en\/nyheter\/","og_site_name":"Spitze","article_modified_time":"2026-03-30T13:48:58+00:00","twitter_card":"summary_large_image","twitter_misc":{"Est. reading time":"1 minute"},"schema":{"@context":"https:\/\/schema.org","@graph":[{"@type":"WebPage","@id":"https:\/\/spitze.se\/nyheter\/","url":"https:\/\/spitze.se\/nyheter\/","name":"Nyheter - Spitze","isPartOf":{"@id":"https:\/\/spitze.se\/#website"},"datePublished":"2026-01-14T08:14:55+00:00","dateModified":"2026-03-30T13:48:58+00:00","breadcrumb":{"@id":"https:\/\/spitze.se\/nyheter\/#breadcrumb"},"inLanguage":"en-GB","potentialAction":[{"@type":"ReadAction","target":["https:\/\/spitze.se\/nyheter\/"]}]},{"@type":"BreadcrumbList","@id":"https:\/\/spitze.se\/nyheter\/#breadcrumb","itemListElement":[{"@type":"ListItem","position":1,"name":"Home","item":"https:\/\/spitze.se\/"},{"@type":"ListItem","position":2,"name":"Nyheter"}]},{"@type":"WebSite","@id":"https:\/\/spitze.se\/#website","url":"https:\/\/spitze.se\/","name":"lace","description":"Automated packaging solutions","potentialAction":[{"@type":"SearchAction","target":{"@type":"EntryPoint","urlTemplate":"https:\/\/spitze.se\/?s={search_term_string}"},"query-input":{"@type":"PropertyValueSpecification","valueRequired":true,"valueName":"search_term_string"}}],"inLanguage":"en-GB"}]}},"_links":{"self":[{"href":"https:\/\/spitze.se\/en\/wp-json\/wp\/v2\/pages\/26962","targetHints":{"allow":["GET"]}}],"collection":[{"href":"https:\/\/spitze.se\/en\/wp-json\/wp\/v2\/pages"}],"about":[{"href":"https:\/\/spitze.se\/en\/wp-json\/wp\/v2\/types\/page"}],"author":[{"embeddable":true,"href":"https:\/\/spitze.se\/en\/wp-json\/wp\/v2\/users\/3"}],"replies":[{"embeddable":true,"href":"https:\/\/spitze.se\/en\/wp-json\/wp\/v2\/comments?post=26962"}],"version-history":[{"count":0,"href":"https:\/\/spitze.se\/en\/wp-json\/wp\/v2\/pages\/26962\/revisions"}],"wp:attachment":[{"href":"https:\/\/spitze.se\/en\/wp-json\/wp\/v2\/media?parent=26962"}],"curies":[{"name":"wp","href":"https:\/\/api.w.org\/{rel}","templated":true}]}}