{"id":26821,"date":"2025-01-24T08:33:13","date_gmt":"2025-01-24T07:33:13","guid":{"rendered":"https:\/\/spitze.se\/?page_id=26821"},"modified":"2025-06-26T14:20:26","modified_gmt":"2025-06-26T12:20:26","slug":"visselblasning","status":"publish","type":"page","link":"https:\/\/spitze.se\/en\/visselblasning\/","title":{"rendered":"Whistleblowing"},"content":{"rendered":"<p>[et_pb_section fb_built=&#8221;1&#8243; custom_padding_last_edited=&#8221;on|phone&#8221; _builder_version=&#8221;4.27.4&#8243; _module_preset=&#8221;default&#8221; custom_padding=&#8221;150px|50px|100px|50px|false|true&#8221; custom_padding_tablet=&#8221;130px|30px|80px|30px|false|true&#8221; custom_padding_phone=&#8221;100px|20px|50px|20px|false|true&#8221; global_colors_info=&#8221;{}&#8221;][et_pb_row _builder_version=&#8221;4.27.4&#8243; _module_preset=&#8221;default&#8221; width=&#8221;100%&#8221; max_width=&#8221;800px&#8221; custom_padding=&#8221;0px||0px||false|false&#8221; global_colors_info=&#8221;{}&#8221;][et_pb_column type=&#8221;4_4&#8243; _builder_version=&#8221;4.27.0&#8243; _module_preset=&#8221;default&#8221; global_colors_info=&#8221;{}&#8221;][et_pb_text _builder_version=&#8221;4.27.4&#8243; _module_preset=&#8221;default&#8221; global_colors_info=&#8221;{}&#8221;]<\/p>\n<h1 class=\"section-title\">Spitze visselbl\u00e5sartj\u00e4nst<\/h1>\n<h2 class=\"small-title\">Hur man rapporterar ett missf\u00f6rh\u00e5llande<\/h2>\n<p>[\/et_pb_text][et_pb_text _builder_version=&#8221;4.27.4&#8243; _module_preset=&#8221;default&#8221; background_color=&#8221;gcid-cfcb1ecc-1d10-41ee-8e72-99db539f42a0&#8243; max_width=&#8221;500px&#8221; custom_padding=&#8221;30px|20px|30px|20px|true|true&#8221; global_colors_info=&#8221;{%22gcid-cfcb1ecc-1d10-41ee-8e72-99db539f42a0%22:%91%22background_color%22%93}&#8221;]<\/p>\n<h3>Skicka ett brev till:<\/h3>\n<p><strong>Spitze AB, Att. Visselbl\u00e5sare<\/strong><br \/><span style=\"text-decoration: underline;\"><a href=\"https:\/\/maps.app.goo.gl\/NNHEZGT8kJ9xbCRM7\" target=\"_blank\" rel=\"noopener\">Peter M\u00f6llers v\u00e4g 15 S-312 77 Skottorp, Sverige<\/a><\/span><br \/><strong>E-post<\/strong>: <span style=\"text-decoration: underline;\"><a href=\"mailto:Visselblasarfunktion@spitze.se\">Visselblasarfunktion@spitze.se<\/a><\/span><\/p>\n<p>[\/et_pb_text][et_pb_text _builder_version=&#8221;4.27.4&#8243; _module_preset=&#8221;default&#8221; global_colors_info=&#8221;{}&#8221;]<strong>Vem kan rapportera missf\u00f6rh\u00e5llanden?<\/strong><\/p>\n<ul>\n<li>Anst\u00e4llda<\/li>\n<li>Volont\u00e4rer<\/li>\n<li>Praktikanter<\/li>\n<li>Personer som utf\u00f6r arbete under f\u00f6retagets kontroll och ledning<\/li>\n<li>Egenf\u00f6retagare<\/li>\n<li>Personer i f\u00f6retagets lednings- eller tillsynsorgan, om operat\u00f6ren \u00e4r ett f\u00f6retag<\/li>\n<\/ul>\n<p><strong>N\u00e4r ska visselbl\u00e5sarfunktionen anv\u00e4ndas?<\/strong><\/p>\n<ul>\n<li>Allvarliga avvikelser fr\u00e5n interna riktlinjer och regler i tj\u00e4nsten<\/li>\n<li>Bedr\u00e4geri<\/li>\n<li>Intressekonflikter<\/li>\n<li>Kriminella aktiviteter<\/li>\n<li>Mutor<\/li>\n<li>Ol\u00e4mpliga sidouppdrag<\/li>\n<li>St\u00f6ld<\/li>\n<\/ul>\n<p><strong>Hur hanteras visselbl\u00e5sning?<\/strong><\/p>\n<ul>\n<li>Alla \u00e4renden tas emot och bed\u00f6ms f\u00f6r utredning eller vidarebefordran, t.ex. till HR eller skyddsombud.<\/li>\n<li>Visselbl\u00e5saren skyddas mot repressalier vid rapportering av misst\u00e4nkta allvarliga missf\u00f6rh\u00e5llanden.<\/li>\n<li>\u00c5terkoppling ges om s\u00e5 \u00f6nskas, samtidigt som anonymitet gentemot f\u00f6retaget bibeh\u00e5lls.<\/li>\n<li>Rapporter dokumenteras, bevaras och rensas i enlighet med visselbl\u00e5sarlagar.<\/li>\n<\/ul>\n<p>[\/et_pb_text][\/et_pb_column][\/et_pb_row][\/et_pb_section]<\/p>\n","protected":false},"excerpt":{"rendered":"<p>Spitze visselbl\u00e5sartj\u00e4nst Hur man rapporterar ett missf\u00f6rh\u00e5llandeSkicka ett brev till: Spitze AB, Att. Visselbl\u00e5sarePeter M\u00f6llers v\u00e4g 15 S-312 77 Skottorp, SverigeE-post: Visselblasarfunktion@spitze.seVem kan rapportera missf\u00f6rh\u00e5llanden? Anst\u00e4llda Volont\u00e4rer Praktikanter Personer som utf\u00f6r arbete under f\u00f6retagets kontroll och ledning Egenf\u00f6retagare Personer i f\u00f6retagets lednings- eller tillsynsorgan, om operat\u00f6ren \u00e4r ett f\u00f6retag N\u00e4r ska visselbl\u00e5sarfunktionen anv\u00e4ndas? Allvarliga avvikelser [&hellip;]<\/p>\n","protected":false},"author":2,"featured_media":0,"parent":0,"menu_order":0,"comment_status":"closed","ping_status":"closed","template":"","meta":{"_acf_changed":false,"_et_pb_use_builder":"on","_et_pb_old_content":"<!-- wp:divi\/placeholder \/-->","_et_gb_content_width":"","footnotes":""},"class_list":["post-26821","page","type-page","status-publish","hentry"],"acf":[],"yoast_head":"<!-- This site is optimized with the Yoast SEO plugin v27.3 - https:\/\/yoast.com\/product\/yoast-seo-wordpress\/ -->\n<title>Visselbl\u00e5sning - Spitze<\/title>\n<meta name=\"description\" content=\"Spitze visselbl\u00e5sartj\u00e4nst \u2013 rapportera allvarliga missf\u00f6rh\u00e5llanden anonymt och s\u00e4kert. Skydd mot repressalier enligt lag.\" \/>\n<meta name=\"robots\" content=\"index, follow, max-snippet:-1, max-image-preview:large, max-video-preview:-1\" \/>\n<link rel=\"canonical\" href=\"https:\/\/spitze.se\/en\/visselblasning\/\" \/>\n<meta property=\"og:locale\" content=\"en_GB\" \/>\n<meta property=\"og:type\" content=\"article\" \/>\n<meta property=\"og:title\" content=\"Visselbl\u00e5sning - Spitze\" \/>\n<meta property=\"og:description\" content=\"Spitze visselbl\u00e5sartj\u00e4nst \u2013 rapportera allvarliga missf\u00f6rh\u00e5llanden anonymt och s\u00e4kert. Skydd mot repressalier enligt lag.\" \/>\n<meta property=\"og:url\" content=\"https:\/\/spitze.se\/en\/visselblasning\/\" \/>\n<meta property=\"og:site_name\" content=\"Spitze\" \/>\n<meta property=\"article:modified_time\" content=\"2025-06-26T12:20:26+00:00\" \/>\n<meta name=\"twitter:card\" content=\"summary_large_image\" \/>\n<meta name=\"twitter:label1\" content=\"Est. reading time\" \/>\n\t<meta name=\"twitter:data1\" content=\"2 minutes\" \/>\n<script type=\"application\/ld+json\" class=\"yoast-schema-graph\">{\"@context\":\"https:\\\/\\\/schema.org\",\"@graph\":[{\"@type\":\"WebPage\",\"@id\":\"https:\\\/\\\/spitze.se\\\/visselblasning\\\/\",\"url\":\"https:\\\/\\\/spitze.se\\\/visselblasning\\\/\",\"name\":\"Visselbl\u00e5sning - Spitze\",\"isPartOf\":{\"@id\":\"https:\\\/\\\/spitze.se\\\/#website\"},\"datePublished\":\"2025-01-24T07:33:13+00:00\",\"dateModified\":\"2025-06-26T12:20:26+00:00\",\"description\":\"Spitze visselbl\u00e5sartj\u00e4nst \u2013 rapportera allvarliga missf\u00f6rh\u00e5llanden anonymt och s\u00e4kert. Skydd mot repressalier enligt lag.\",\"breadcrumb\":{\"@id\":\"https:\\\/\\\/spitze.se\\\/visselblasning\\\/#breadcrumb\"},\"inLanguage\":\"en-GB\",\"potentialAction\":[{\"@type\":\"ReadAction\",\"target\":[\"https:\\\/\\\/spitze.se\\\/visselblasning\\\/\"]}]},{\"@type\":\"BreadcrumbList\",\"@id\":\"https:\\\/\\\/spitze.se\\\/visselblasning\\\/#breadcrumb\",\"itemListElement\":[{\"@type\":\"ListItem\",\"position\":1,\"name\":\"Home\",\"item\":\"https:\\\/\\\/spitze.se\\\/\"},{\"@type\":\"ListItem\",\"position\":2,\"name\":\"Visselbl\u00e5sning\"}]},{\"@type\":\"WebSite\",\"@id\":\"https:\\\/\\\/spitze.se\\\/#website\",\"url\":\"https:\\\/\\\/spitze.se\\\/\",\"name\":\"Spitze\",\"description\":\"Automatiserade f\u00f6rpackningsl\u00f6sningar\",\"potentialAction\":[{\"@type\":\"SearchAction\",\"target\":{\"@type\":\"EntryPoint\",\"urlTemplate\":\"https:\\\/\\\/spitze.se\\\/?s={search_term_string}\"},\"query-input\":{\"@type\":\"PropertyValueSpecification\",\"valueRequired\":true,\"valueName\":\"search_term_string\"}}],\"inLanguage\":\"en-GB\"}]}<\/script>\n<!-- \/ Yoast SEO plugin. -->","yoast_head_json":{"title":"Whistle blowing - Spitze","description":"Spitze whistleblowing service - report serious wrongdoings anonymously and safely. Protection against retaliation by law.","robots":{"index":"index","follow":"follow","max-snippet":"max-snippet:-1","max-image-preview":"max-image-preview:large","max-video-preview":"max-video-preview:-1"},"canonical":"https:\/\/spitze.se\/en\/visselblasning\/","og_locale":"en_GB","og_type":"article","og_title":"Visselbl\u00e5sning - Spitze","og_description":"Spitze visselbl\u00e5sartj\u00e4nst \u2013 rapportera allvarliga missf\u00f6rh\u00e5llanden anonymt och s\u00e4kert. Skydd mot repressalier enligt lag.","og_url":"https:\/\/spitze.se\/en\/visselblasning\/","og_site_name":"Spitze","article_modified_time":"2025-06-26T12:20:26+00:00","twitter_card":"summary_large_image","twitter_misc":{"Est. reading time":"2 minutes"},"schema":{"@context":"https:\/\/schema.org","@graph":[{"@type":"WebPage","@id":"https:\/\/spitze.se\/visselblasning\/","url":"https:\/\/spitze.se\/visselblasning\/","name":"Whistle blowing - Spitze","isPartOf":{"@id":"https:\/\/spitze.se\/#website"},"datePublished":"2025-01-24T07:33:13+00:00","dateModified":"2025-06-26T12:20:26+00:00","description":"Spitze whistleblowing service - report serious wrongdoings anonymously and safely. Protection against retaliation by law.","breadcrumb":{"@id":"https:\/\/spitze.se\/visselblasning\/#breadcrumb"},"inLanguage":"en-GB","potentialAction":[{"@type":"ReadAction","target":["https:\/\/spitze.se\/visselblasning\/"]}]},{"@type":"BreadcrumbList","@id":"https:\/\/spitze.se\/visselblasning\/#breadcrumb","itemListElement":[{"@type":"ListItem","position":1,"name":"Home","item":"https:\/\/spitze.se\/"},{"@type":"ListItem","position":2,"name":"Visselbl\u00e5sning"}]},{"@type":"WebSite","@id":"https:\/\/spitze.se\/#website","url":"https:\/\/spitze.se\/","name":"lace","description":"Automated packaging solutions","potentialAction":[{"@type":"SearchAction","target":{"@type":"EntryPoint","urlTemplate":"https:\/\/spitze.se\/?s={search_term_string}"},"query-input":{"@type":"PropertyValueSpecification","valueRequired":true,"valueName":"search_term_string"}}],"inLanguage":"en-GB"}]}},"_links":{"self":[{"href":"https:\/\/spitze.se\/en\/wp-json\/wp\/v2\/pages\/26821","targetHints":{"allow":["GET"]}}],"collection":[{"href":"https:\/\/spitze.se\/en\/wp-json\/wp\/v2\/pages"}],"about":[{"href":"https:\/\/spitze.se\/en\/wp-json\/wp\/v2\/types\/page"}],"author":[{"embeddable":true,"href":"https:\/\/spitze.se\/en\/wp-json\/wp\/v2\/users\/2"}],"replies":[{"embeddable":true,"href":"https:\/\/spitze.se\/en\/wp-json\/wp\/v2\/comments?post=26821"}],"version-history":[{"count":0,"href":"https:\/\/spitze.se\/en\/wp-json\/wp\/v2\/pages\/26821\/revisions"}],"wp:attachment":[{"href":"https:\/\/spitze.se\/en\/wp-json\/wp\/v2\/media?parent=26821"}],"curies":[{"name":"wp","href":"https:\/\/api.w.org\/{rel}","templated":true}]}}