{"id":26636,"date":"2024-11-28T08:22:51","date_gmt":"2024-11-28T07:22:51","guid":{"rendered":"https:\/\/spitze.se\/?page_id=26636"},"modified":"2026-03-02T17:47:40","modified_gmt":"2026-03-02T16:47:40","slug":"karriar","status":"publish","type":"page","link":"https:\/\/spitze.se\/en\/karriar\/","title":{"rendered":"Career"},"content":{"rendered":"<p>[et_pb_section fb_built=&#8221;1&#8243; custom_padding_last_edited=&#8221;on|phone&#8221; module_class=&#8221;hero-video overlay-light&#8221; _builder_version=&#8221;4.27.4&#8243; _module_preset=&#8221;default&#8221; background_enable_color=&#8221;off&#8221; background_image=&#8221;https:\/\/spitze.se\/wp-content\/uploads\/2024\/12\/DSC00029-scaled.jpg&#8221; background_enable_video_mp4=&#8221;off&#8221; custom_padding=&#8221;200px|50px|200px|50px|true|true&#8221; custom_padding_tablet=&#8221;180px|30px|180px|30px|true|true&#8221; custom_padding_phone=&#8221;120px|20px|120px|20px|true|true&#8221; locked=&#8221;off&#8221; global_colors_info=&#8221;{}&#8221;][et_pb_row _builder_version=&#8221;4.27.0&#8243; _module_preset=&#8221;default&#8221; custom_padding=&#8221;0px||0px||false|false&#8221; global_colors_info=&#8221;{}&#8221;][et_pb_column type=&#8221;4_4&#8243; _builder_version=&#8221;4.27.0&#8243; _module_preset=&#8221;default&#8221; global_colors_info=&#8221;{}&#8221;][et_pb_text module_class=&#8221;aos-fade-up&#8221; _builder_version=&#8221;4.27.4&#8243; _module_preset=&#8221;default&#8221; text_text_color=&#8221;#FFFFFF&#8221; header_text_color=&#8221;#FFFFFF&#8221; global_colors_info=&#8221;{}&#8221;]<\/p>\n<h1 style=\"text-align: center;\" id=\"h_323882346111754999965545\"><span style=\"color: #ffffff;\">Karri\u00e4r<\/span><\/h1>\n<p style=\"text-align: center;\">Vill du vara med p\u00e5 v\u00e5r resa?<\/p>\n<p>[\/et_pb_text][et_pb_text _builder_version=&#8221;4.27.0&#8243; _module_preset=&#8221;default&#8221; text_text_color=&#8221;#FFFFFF&#8221; header_text_color=&#8221;#FFFFFF&#8221; global_colors_info=&#8221;{}&#8221;]<\/p>\n<p style=\"text-align: center;\"><i class=\"fa-solid fa-chevron-down bounce\"><\/i><\/p>\n<p>[\/et_pb_text][\/et_pb_column][\/et_pb_row][\/et_pb_section][et_pb_section fb_built=&#8221;1&#8243; custom_padding_last_edited=&#8221;on|phone&#8221; _builder_version=&#8221;4.27.4&#8243; _module_preset=&#8221;default&#8221; custom_padding=&#8221;100px|50px|100px|50px|true|true&#8221; custom_padding_tablet=&#8221;80px|30px|80px|30px|true|true&#8221; custom_padding_phone=&#8221;50px|20px|50px|20px|false|true&#8221; global_colors_info=&#8221;{}&#8221;][et_pb_row column_structure=&#8221;1_2,1_2&#8243; module_class=&#8221;split-section split-content-align-center pr-0 reverse&#8221; _builder_version=&#8221;4.27.4&#8243; _module_preset=&#8221;default&#8221; custom_padding=&#8221;0px||0px||false|false&#8221; global_colors_info=&#8221;{}&#8221;][et_pb_column type=&#8221;1_2&#8243; _builder_version=&#8221;4.27.0&#8243; _module_preset=&#8221;default&#8221; global_colors_info=&#8221;{}&#8221;][et_pb_image src=&#8221;https:\/\/spitze.se\/wp-content\/uploads\/2024\/12\/medarbetare-dator-kul.jpg&#8221; title_text=&#8221;medarbetare-dator-kul&#8221; _builder_version=&#8221;4.27.0&#8243; _module_preset=&#8221;default&#8221; global_colors_info=&#8221;{}&#8221;][\/et_pb_image][\/et_pb_column][et_pb_column type=&#8221;1_2&#8243; _builder_version=&#8221;4.27.0&#8243; _module_preset=&#8221;default&#8221; global_colors_info=&#8221;{}&#8221;][et_pb_text _builder_version=&#8221;4.27.4&#8243; _module_preset=&#8221;default&#8221; custom_padding=&#8221;||||false|false&#8221; global_colors_info=&#8221;{}&#8221;]<\/p>\n<h2>Utveckling, Kvalitet, Tillsammans<\/h2>\n<p>Vi som arbetar h\u00e4r har passion f\u00f6r teknik och vi \u00e4r l\u00f6sningsorienterade. Vi str\u00e4var efter att ha ordning och reda i alla led, vi hj\u00e4lps \u00e5t och delar med oss av v\u00e5r kunskap. Framf\u00f6r allt s\u00e5 bryr vi oss! Vi l\u00e4gger ner v\u00e5r sj\u00e4l i det arbete vi g\u00f6r, vi bryr oss om varandra och v\u00e5r arbetsmilj\u00f6, vi bryr oss om v\u00e5ra kunder och ytterst m\u00e5nar vi om att g\u00f6ra skillnad f\u00f6r v\u00e5rt klimat och v\u00e5r milj\u00f6.<\/p>\n<p>Intresset f\u00f6r Spitzes f\u00f6rpackningsmaskiner \u00f6kar stort inom branschen och vi beh\u00f6ver bli fler. Vill du g\u00f6ra skillnad? Drivs du av utveckling? Har du passion f\u00f6r teknik och probleml\u00f6sning. Vill du vara med p\u00e5 en sp\u00e4nnande resa?<\/p>\n<p>H\u00f6r av dig till oss redan idag!<br \/><span style=\"text-decoration: underline;\"><a href=\"mailto:karriar@spitze.se\">karriar@spitze.se<\/a><\/span><\/p>\n<p>[\/et_pb_text][\/et_pb_column][\/et_pb_row][\/et_pb_section][et_pb_section fb_built=&#8221;1&#8243; custom_padding_last_edited=&#8221;on|phone&#8221; disabled_on=&#8221;off|off|off&#8221; _builder_version=&#8221;4.27.4&#8243; _module_preset=&#8221;default&#8221; background_color=&#8221;gcid-cfcb1ecc-1d10-41ee-8e72-99db539f42a0&#8243; custom_padding=&#8221;100px||100px||true|false&#8221; custom_padding_tablet=&#8221;120px||120px||true|false&#8221; custom_padding_phone=&#8221;60px||60px||true|false&#8221; locked=&#8221;off&#8221; global_colors_info=&#8221;{%22gcid-cfcb1ecc-1d10-41ee-8e72-99db539f42a0%22:%91%22background_color%22%93}&#8221;][et_pb_row column_structure=&#8221;1_2,1_2&#8243; _builder_version=&#8221;4.27.4&#8243; _module_preset=&#8221;default&#8221; width=&#8221;90%&#8221; custom_margin=&#8221;0px|auto|0px|auto|true|false&#8221; global_colors_info=&#8221;{}&#8221;][et_pb_column type=&#8221;1_2&#8243; _builder_version=&#8221;4.19.4&#8243; _module_preset=&#8221;default&#8221; global_colors_info=&#8221;{}&#8221;][et_pb_text _builder_version=&#8221;4.27.4&#8243; _module_preset=&#8221;default&#8221; global_colors_info=&#8221;{}&#8221;]<\/p>\n<h2>Lediga tj\u00e4nster<\/h2>\n<p>[\/et_pb_text][\/et_pb_column][et_pb_column type=&#8221;1_2&#8243; _builder_version=&#8221;4.19.4&#8243; _module_preset=&#8221;default&#8221; global_colors_info=&#8221;{}&#8221;][\/et_pb_column][\/et_pb_row][et_pb_row column_structure=&#8221;1_3,1_3,1_3&#8243; use_custom_gutter=&#8221;on&#8221; gutter_width=&#8221;2&#8243; make_equal=&#8221;on&#8221; disabled_on=&#8221;on|on|on&#8221; _builder_version=&#8221;4.27.4&#8243; _module_preset=&#8221;default&#8221; custom_padding=&#8221;||0px||false|false&#8221; link_option_url=&#8221;https:\/\/moln1.se\/social-media-manager\/&#8221; disabled=&#8221;on&#8221; global_colors_info=&#8221;{}&#8221;][et_pb_column type=&#8221;1_3&#8243; _builder_version=&#8221;4.27.4&#8243; _dynamic_attributes=&#8221;link_option_url&#8221; _module_preset=&#8221;default&#8221; background_color=&#8221;#FFFFFF&#8221; custom_padding=&#8221;25px|25px|25px|25px|true|true&#8221; link_option_url=&#8221;@ET-DC@eyJkeW5hbWljIjp0cnVlLCJjb250ZW50IjoicG9zdF9saW5rX3VybF9wYWdlIiwic2V0dGluZ3MiOnsicG9zdF9pZCI6IjIzMTM0MSJ9fQ==@&#8221; custom_css_main_element=&#8221;display: flex;||flex-direction: column;&#8221; border_radii=&#8221;on|5px|5px|5px|5px&#8221; border_width_all=&#8221;2px&#8221; border_color_all=&#8221;gcid-10931016-f7e4-484b-ac37-d619d2e9aa6f&#8221; global_colors_info=&#8221;{%22gcid-secondary-color%22:%91%22background_color%22%93,%22gcid-10931016-f7e4-484b-ac37-d619d2e9aa6f%22:%91%22border_color_all%22%93}&#8221;][et_pb_text _builder_version=&#8221;4.27.4&#8243; _module_preset=&#8221;default&#8221; custom_margin=&#8221;||22px|||&#8221; global_colors_info=&#8221;{}&#8221;]<i class=\"fa-solid fa-clock\" style=\"color: #a7d7da;\"><\/i> Heltid\u00a0 \u00a0<i class=\"fa-solid fa-calendar\" style=\"color: #a7d7da;\"><\/i> 10\/09-2025[\/et_pb_text][et_pb_text _builder_version=&#8221;4.27.4&#8243; _module_preset=&#8221;default&#8221; header_3_line_height=&#8221;1.3em&#8221; custom_margin=&#8221;||29px|||&#8221; global_colors_info=&#8221;{}&#8221;]<\/p>\n<h3 class=\"small-title\">Vi s\u00f6ker Just nu en cnc-operat\u00f6r<\/h3>\n<p class=\"p1\">Just nu letar vi efter en engagerad och noggrann CNC-operat\u00f6r som vill arbeta i en modern produktionsmilj\u00f6 med h\u00f6g kvalitet och precision i fokus.<\/p>\n<p>[\/et_pb_text][et_pb_text _builder_version=&#8221;4.27.4&#8243; _module_preset=&#8221;default&#8221; text_font=&#8221;||||||||&#8221; header_3_font=&#8221;&#8211;et_global_heading_font||||||||&#8221; header_3_text_color=&#8221;#0c1435&#8243; header_3_font_size=&#8221;24px&#8221; custom_margin=&#8221;auto||||false|false&#8221; custom_padding=&#8221;||||false|false&#8221; link_option_url=&#8221;https:\/\/moln1.se\/social-media-manager\/&#8221; border_color_bottom=&#8221;gcid-283eab78-233f-472a-965b-04d2d0e5e547&#8243; locked=&#8221;off&#8221; global_colors_info=&#8221;{%22gcid-283eab78-233f-472a-965b-04d2d0e5e547%22:%91%22border_color_bottom%22%93,%22gcid-secondary-color%22:%91%22border_color_bottom%22%93,%22gcid-primary-color%22:%91%22border_color_bottom%22%93,%22gcid-25d4a206-4a37-486e-960c-5d3e41be4424%22:%91%22text_text_color__hover%22%93}&#8221; text_text_color__hover_enabled=&#8221;on|desktop&#8221; border_color_bottom__hover_enabled=&#8221;off|hover&#8221; text_text_color__hover=&#8221;#a7d7da&#8221;]<\/p>\n<p><span style=\"text-decoration: underline;\">L\u00e4s mer<\/span> <i class=\"fa-solid fa-circle-arrow-right\" style=\"font-size: 24px; color: #a7d7da;\"><\/i><\/p>\n<p>[\/et_pb_text][\/et_pb_column][et_pb_column type=&#8221;1_3&#8243; _builder_version=&#8221;4.27.4&#8243; _dynamic_attributes=&#8221;link_option_url&#8221; _module_preset=&#8221;default&#8221; background_color=&#8221;#FFFFFF&#8221; custom_padding=&#8221;25px|25px|25px|25px|true|true&#8221; link_option_url=&#8221;@ET-DC@eyJkeW5hbWljIjp0cnVlLCJjb250ZW50IjoicG9zdF9saW5rX3VybF9wYWdlIiwic2V0dGluZ3MiOnsicG9zdF9pZCI6IjE2MTAifX0=@&#8221; custom_css_main_element=&#8221;display: flex;||flex-direction: column;&#8221; border_radii=&#8221;on|5px|5px|5px|5px&#8221; global_colors_info=&#8221;{%22gcid-secondary-color%22:%91%22background_color%22%93}&#8221;][et_pb_text _builder_version=&#8221;4.27.4&#8243; _module_preset=&#8221;default&#8221; global_colors_info=&#8221;{}&#8221;]<\/p>\n<h3 class=\"small-title\">Spontanans\u00f6kan<\/h3>\n<p><span data-teams=\"true\">Du \u00e4r alltid v\u00e4lkommen att skicka in en spontanans\u00f6kan till oss!<\/span><\/p>\n<p><i class=\"fa-solid fa-envelope\" style=\"color:#a7d7da; font-size:22px;\"><\/i>  <span style=\"text-decoration: underline;\"><a href=\"mailto:karriar@spitze.se;\">karriar@spitze.se<\/a><\/span><\/p>\n<p><span data-teams=\"true\"><\/span>[\/et_pb_text][\/et_pb_column][et_pb_column type=&#8221;1_3&#8243; _builder_version=&#8221;4.27.4&#8243; _dynamic_attributes=&#8221;link_option_url&#8221; _module_preset=&#8221;default&#8221; background_enable_color=&#8221;off&#8221; custom_padding=&#8221;25px|25px|25px|25px|true|true&#8221; link_option_url=&#8221;@ET-DC@eyJkeW5hbWljIjp0cnVlLCJjb250ZW50IjoicG9zdF9saW5rX3VybF9wYWdlIiwic2V0dGluZ3MiOnsicG9zdF9pZCI6IjE2MTAifX0=@&#8221; custom_css_main_element=&#8221;display: flex;||flex-direction: column;&#8221; border_radii=&#8221;on|5px|5px|5px|5px&#8221; global_colors_info=&#8221;{%22gcid-secondary-color%22:%91%22background_color%22%93}&#8221;][\/et_pb_column][\/et_pb_row][et_pb_row use_custom_gutter=&#8221;on&#8221; gutter_width=&#8221;2&#8243; make_equal=&#8221;on&#8221; _builder_version=&#8221;4.27.5&#8243; _module_preset=&#8221;default&#8221; custom_padding=&#8221;||0px||false|false&#8221; hover_enabled=&#8221;0&#8243; global_colors_info=&#8221;{}&#8221; admin_label=&#8221;Just nu rekryterar vi inte aktivt.&#8221; sticky_enabled=&#8221;0&#8243;][et_pb_column type=&#8221;4_4&#8243; _builder_version=&#8221;4.27.4&#8243; _module_preset=&#8221;default&#8221; background_color=&#8221;#FFFFFF&#8221; custom_padding=&#8221;25px|25px|25px|25px|true|true&#8221; link_option_url=&#8221;https:\/\/spitze.se\/wp-content\/uploads\/2025\/08\/Rekrytering-Service-tekniker-2025081970.pdf&#8221; custom_css_main_element=&#8221;display: flex;||flex-direction: column;&#8221; border_radii=&#8221;on|5px|5px|5px|5px&#8221; border_width_all=&#8221;2px&#8221; border_color_all=&#8221;gcid-10931016-f7e4-484b-ac37-d619d2e9aa6f&#8221; global_colors_info=&#8221;{%22gcid-secondary-color%22:%91%22background_color%22%93,%22gcid-10931016-f7e4-484b-ac37-d619d2e9aa6f%22:%91%22border_color_all%22%93}&#8221;][et_pb_text _builder_version=&#8221;4.27.4&#8243; _module_preset=&#8221;default&#8221; global_colors_info=&#8221;{}&#8221;]<\/p>\n<h3 class=\"small-title\">Spontanans\u00f6kan<\/h3>\n<p><span data-teams=\"true\">Du \u00e4r alltid v\u00e4lkommen att skicka in en spontanans\u00f6kan till oss!<\/span><\/p>\n<p><i class=\"fa-solid fa-envelope\" style=\"color: #a7d7da; font-size: 22px;\"><\/i> <span style=\"text-decoration: underline;\"><a href=\"mailto:karriar@spitze.se;\">karriar@spitze.se<\/a><\/span><\/p>\n<p><span data-teams=\"true\"><\/span><\/p>\n<p>[\/et_pb_text][\/et_pb_column][\/et_pb_row][\/et_pb_section]<\/p>\n","protected":false},"excerpt":{"rendered":"<p>Karri\u00e4r Vill du vara med p\u00e5 v\u00e5r resa?Utveckling, Kvalitet, Tillsammans Vi som arbetar h\u00e4r har passion f\u00f6r teknik och vi \u00e4r l\u00f6sningsorienterade. Vi str\u00e4var efter att ha ordning och reda i alla led, vi hj\u00e4lps \u00e5t och delar med oss av v\u00e5r kunskap. Framf\u00f6r allt s\u00e5 bryr vi oss! Vi l\u00e4gger ner v\u00e5r sj\u00e4l i [&hellip;]<\/p>\n","protected":false},"author":2,"featured_media":0,"parent":0,"menu_order":0,"comment_status":"closed","ping_status":"closed","template":"","meta":{"_acf_changed":false,"_et_pb_use_builder":"on","_et_pb_old_content":"","_et_gb_content_width":"","footnotes":""},"class_list":["post-26636","page","type-page","status-publish","hentry"],"acf":[],"yoast_head":"<!-- This site is optimized with the Yoast SEO plugin v27.3 - https:\/\/yoast.com\/product\/yoast-seo-wordpress\/ -->\n<title>Karri\u00e4r - Spitze<\/title>\n<meta name=\"description\" content=\"Bli en del av Spitze \u2013 ett teknikdrivet f\u00f6retag d\u00e4r vi utvecklas tillsammans och g\u00f6r skillnad f\u00f6r kunder, klimat och milj\u00f6.\" \/>\n<meta name=\"robots\" content=\"index, follow, max-snippet:-1, max-image-preview:large, max-video-preview:-1\" \/>\n<link rel=\"canonical\" href=\"https:\/\/spitze.se\/en\/karriar\/\" \/>\n<meta property=\"og:locale\" content=\"en_GB\" \/>\n<meta property=\"og:type\" content=\"article\" \/>\n<meta property=\"og:title\" content=\"Karri\u00e4r - Spitze\" \/>\n<meta property=\"og:description\" content=\"Bli en del av Spitze \u2013 ett teknikdrivet f\u00f6retag d\u00e4r vi utvecklas tillsammans och g\u00f6r skillnad f\u00f6r kunder, klimat och milj\u00f6.\" \/>\n<meta property=\"og:url\" content=\"https:\/\/spitze.se\/en\/karriar\/\" \/>\n<meta property=\"og:site_name\" content=\"Spitze\" \/>\n<meta property=\"article:modified_time\" content=\"2026-03-02T16:47:40+00:00\" \/>\n<meta name=\"twitter:card\" content=\"summary_large_image\" \/>\n<meta name=\"twitter:label1\" content=\"Est. reading time\" \/>\n\t<meta name=\"twitter:data1\" content=\"6 minutes\" \/>\n<script type=\"application\/ld+json\" class=\"yoast-schema-graph\">{\"@context\":\"https:\\\/\\\/schema.org\",\"@graph\":[{\"@type\":\"WebPage\",\"@id\":\"https:\\\/\\\/spitze.se\\\/karriar\\\/\",\"url\":\"https:\\\/\\\/spitze.se\\\/karriar\\\/\",\"name\":\"Karri\u00e4r - Spitze\",\"isPartOf\":{\"@id\":\"https:\\\/\\\/spitze.se\\\/#website\"},\"datePublished\":\"2024-11-28T07:22:51+00:00\",\"dateModified\":\"2026-03-02T16:47:40+00:00\",\"description\":\"Bli en del av Spitze \u2013 ett teknikdrivet f\u00f6retag d\u00e4r vi utvecklas tillsammans och g\u00f6r skillnad f\u00f6r kunder, klimat och milj\u00f6.\",\"breadcrumb\":{\"@id\":\"https:\\\/\\\/spitze.se\\\/karriar\\\/#breadcrumb\"},\"inLanguage\":\"en-GB\",\"potentialAction\":[{\"@type\":\"ReadAction\",\"target\":[\"https:\\\/\\\/spitze.se\\\/karriar\\\/\"]}]},{\"@type\":\"BreadcrumbList\",\"@id\":\"https:\\\/\\\/spitze.se\\\/karriar\\\/#breadcrumb\",\"itemListElement\":[{\"@type\":\"ListItem\",\"position\":1,\"name\":\"Home\",\"item\":\"https:\\\/\\\/spitze.se\\\/\"},{\"@type\":\"ListItem\",\"position\":2,\"name\":\"Karri\u00e4r\"}]},{\"@type\":\"WebSite\",\"@id\":\"https:\\\/\\\/spitze.se\\\/#website\",\"url\":\"https:\\\/\\\/spitze.se\\\/\",\"name\":\"Spitze\",\"description\":\"Automatiserade f\u00f6rpackningsl\u00f6sningar\",\"potentialAction\":[{\"@type\":\"SearchAction\",\"target\":{\"@type\":\"EntryPoint\",\"urlTemplate\":\"https:\\\/\\\/spitze.se\\\/?s={search_term_string}\"},\"query-input\":{\"@type\":\"PropertyValueSpecification\",\"valueRequired\":true,\"valueName\":\"search_term_string\"}}],\"inLanguage\":\"en-GB\"}]}<\/script>\n<!-- \/ Yoast SEO plugin. -->","yoast_head_json":{"title":"Karri\u00e4r - Spitze","description":"Bli en del av Spitze \u2013 ett teknikdrivet f\u00f6retag d\u00e4r vi utvecklas tillsammans och g\u00f6r skillnad f\u00f6r kunder, klimat och milj\u00f6.","robots":{"index":"index","follow":"follow","max-snippet":"max-snippet:-1","max-image-preview":"max-image-preview:large","max-video-preview":"max-video-preview:-1"},"canonical":"https:\/\/spitze.se\/en\/karriar\/","og_locale":"en_GB","og_type":"article","og_title":"Karri\u00e4r - Spitze","og_description":"Bli en del av Spitze \u2013 ett teknikdrivet f\u00f6retag d\u00e4r vi utvecklas tillsammans och g\u00f6r skillnad f\u00f6r kunder, klimat och milj\u00f6.","og_url":"https:\/\/spitze.se\/en\/karriar\/","og_site_name":"Spitze","article_modified_time":"2026-03-02T16:47:40+00:00","twitter_card":"summary_large_image","twitter_misc":{"Est. reading time":"6 minutes"},"schema":{"@context":"https:\/\/schema.org","@graph":[{"@type":"WebPage","@id":"https:\/\/spitze.se\/karriar\/","url":"https:\/\/spitze.se\/karriar\/","name":"Karri\u00e4r - Spitze","isPartOf":{"@id":"https:\/\/spitze.se\/#website"},"datePublished":"2024-11-28T07:22:51+00:00","dateModified":"2026-03-02T16:47:40+00:00","description":"Bli en del av Spitze \u2013 ett teknikdrivet f\u00f6retag d\u00e4r vi utvecklas tillsammans och g\u00f6r skillnad f\u00f6r kunder, klimat och milj\u00f6.","breadcrumb":{"@id":"https:\/\/spitze.se\/karriar\/#breadcrumb"},"inLanguage":"en-GB","potentialAction":[{"@type":"ReadAction","target":["https:\/\/spitze.se\/karriar\/"]}]},{"@type":"BreadcrumbList","@id":"https:\/\/spitze.se\/karriar\/#breadcrumb","itemListElement":[{"@type":"ListItem","position":1,"name":"Home","item":"https:\/\/spitze.se\/"},{"@type":"ListItem","position":2,"name":"Karri\u00e4r"}]},{"@type":"WebSite","@id":"https:\/\/spitze.se\/#website","url":"https:\/\/spitze.se\/","name":"lace","description":"Automated packaging solutions","potentialAction":[{"@type":"SearchAction","target":{"@type":"EntryPoint","urlTemplate":"https:\/\/spitze.se\/?s={search_term_string}"},"query-input":{"@type":"PropertyValueSpecification","valueRequired":true,"valueName":"search_term_string"}}],"inLanguage":"en-GB"}]}},"_links":{"self":[{"href":"https:\/\/spitze.se\/en\/wp-json\/wp\/v2\/pages\/26636","targetHints":{"allow":["GET"]}}],"collection":[{"href":"https:\/\/spitze.se\/en\/wp-json\/wp\/v2\/pages"}],"about":[{"href":"https:\/\/spitze.se\/en\/wp-json\/wp\/v2\/types\/page"}],"author":[{"embeddable":true,"href":"https:\/\/spitze.se\/en\/wp-json\/wp\/v2\/users\/2"}],"replies":[{"embeddable":true,"href":"https:\/\/spitze.se\/en\/wp-json\/wp\/v2\/comments?post=26636"}],"version-history":[{"count":0,"href":"https:\/\/spitze.se\/en\/wp-json\/wp\/v2\/pages\/26636\/revisions"}],"wp:attachment":[{"href":"https:\/\/spitze.se\/en\/wp-json\/wp\/v2\/media?parent=26636"}],"curies":[{"name":"wp","href":"https:\/\/api.w.org\/{rel}","templated":true}]}}