{"id":26610,"date":"2024-11-27T11:25:42","date_gmt":"2024-11-27T10:25:42","guid":{"rendered":"https:\/\/spitze.se\/?page_id=26610"},"modified":"2025-06-26T10:19:01","modified_gmt":"2025-06-26T08:19:01","slug":"service","status":"publish","type":"page","link":"https:\/\/spitze.se\/en\/service\/","title":{"rendered":"Service"},"content":{"rendered":"<p>[et_pb_section fb_built=&#8221;1&#8243; custom_padding_last_edited=&#8221;on|phone&#8221; module_class=&#8221;hero-video overlay-light&#8221; _builder_version=&#8221;4.27.4&#8243; _module_preset=&#8221;default&#8221; background_color=&#8221;RGBA(255,255,255,0)&#8221; background_image=&#8221;https:\/\/spitze.se\/wp-content\/uploads\/2025\/01\/spitze-medarbetare-2000px.jpg&#8221; background_blend=&#8221;color&#8221; background_enable_video_mp4=&#8221;off&#8221; custom_padding=&#8221;200px|50px|200px|50px|true|true&#8221; custom_padding_tablet=&#8221;180px|30px|180px|30px|true|true&#8221; custom_padding_phone=&#8221;120px|20px|120px|20px|true|true&#8221; hover_enabled=&#8221;0&#8243; locked=&#8221;off&#8221; global_colors_info=&#8221;{}&#8221; sticky_enabled=&#8221;0&#8243;][et_pb_row _builder_version=&#8221;4.27.0&#8243; _module_preset=&#8221;default&#8221; width=&#8221;100%&#8221; custom_padding=&#8221;0px||0px||false|false&#8221; global_colors_info=&#8221;{}&#8221;][et_pb_column type=&#8221;4_4&#8243; _builder_version=&#8221;4.27.0&#8243; _module_preset=&#8221;default&#8221; global_colors_info=&#8221;{}&#8221;][et_pb_text module_class=&#8221;aos-fade-up&#8221; _builder_version=&#8221;4.27.4&#8243; _module_preset=&#8221;default&#8221; text_text_color=&#8221;#FFFFFF&#8221; header_text_color=&#8221;#FFFFFF&#8221; hover_enabled=&#8221;0&#8243; global_colors_info=&#8221;{}&#8221; sticky_enabled=&#8221;0&#8243;]<\/p>\n<h1 style=\"text-align: center;\">Support<\/h1>\n<p style=\"text-align: center;\">Supportteamet st\u00e5r alltid redo att hj\u00e4lpa er att l\u00f6sa era support\u00e4renden. Kontaktuppgifter Marcus Ingelmark<\/p>\n<p>[\/et_pb_text][et_pb_text module_class=&#8221;aos-fade-up btn btn-primary-filled center multiple&#8221; _builder_version=&#8221;4.27.4&#8243; _module_preset=&#8221;default&#8221; text_text_color=&#8221;#FFFFFF&#8221; header_text_color=&#8221;#FFFFFF&#8221; global_colors_info=&#8221;{}&#8221;]<\/p>\n<p style=\"text-align: center;\"><a href=\"tel:+46761131933\" style=\"color: #ffffff;\">+46 76 11 31 933<\/a> <a href=\"mailto:service@spitze.se\" style=\"color: #ffffff;\">service@spitze.se<\/a><\/p>\n<p>[\/et_pb_text][et_pb_text _builder_version=&#8221;4.27.0&#8243; _module_preset=&#8221;default&#8221; text_text_color=&#8221;#FFFFFF&#8221; header_text_color=&#8221;#FFFFFF&#8221; global_colors_info=&#8221;{}&#8221;]<\/p>\n<p style=\"text-align: center;\"><i class=\"fa-solid fa-chevron-down bounce\"><\/i><\/p>\n<p>[\/et_pb_text][\/et_pb_column][\/et_pb_row][\/et_pb_section][et_pb_section fb_built=&#8221;1&#8243; custom_padding_last_edited=&#8221;on|phone&#8221; module_class=&#8221;gradient-white-gray-40&#8243; _builder_version=&#8221;4.27.0&#8243; _module_preset=&#8221;default&#8221; background_enable_color=&#8221;off&#8221; min_height=&#8221;440.4px&#8221; custom_margin=&#8221;0px||||false|false&#8221; custom_padding=&#8221;100px|50px|0px|50px|false|true&#8221; custom_padding_tablet=&#8221;80px|30px||30px|false|true&#8221; custom_padding_phone=&#8221;50px|20px||20px|false|true&#8221; hover_enabled=&#8221;0&#8243; locked=&#8221;off&#8221; global_colors_info=&#8221;{%22gcid-cfcb1ecc-1d10-41ee-8e72-99db539f42a0%22:%91%22background_color%22%93}&#8221; sticky_enabled=&#8221;0&#8243;][et_pb_row _builder_version=&#8221;4.27.0&#8243; _module_preset=&#8221;default&#8221; width=&#8221;100%&#8221; custom_padding=&#8221;0px||||false|false&#8221; global_colors_info=&#8221;{}&#8221;][et_pb_column type=&#8221;4_4&#8243; _builder_version=&#8221;4.27.0&#8243; _module_preset=&#8221;default&#8221; global_colors_info=&#8221;{}&#8221;][et_pb_text _builder_version=&#8221;4.27.0&#8243; _module_preset=&#8221;default&#8221; link_font=&#8221;||||on||||&#8221; link_text_color=&#8221;gcid-10931016-f7e4-484b-ac37-d619d2e9aa6f&#8221; header_font=&#8221;|700|||||||&#8221; header_text_color=&#8221;gcid-10931016-f7e4-484b-ac37-d619d2e9aa6f&#8221; header_font_size=&#8221;36px&#8221; header_2_font=&#8221;|700|||||||&#8221; header_2_text_color=&#8221;gcid-10931016-f7e4-484b-ac37-d619d2e9aa6f&#8221; header_2_font_size=&#8221;36px&#8221; header_font_size_tablet=&#8221;32px&#8221; header_font_size_phone=&#8221;28px&#8221; header_font_size_last_edited=&#8221;on|tablet&#8221; header_2_font_size_tablet=&#8221;32px&#8221; header_2_font_size_phone=&#8221;28px&#8221; header_2_font_size_last_edited=&#8221;on|tablet&#8221; global_colors_info=&#8221;{%22gcid-10931016-f7e4-484b-ac37-d619d2e9aa6f%22:%91%22header_2_text_color%22,%22link_text_color%22%93}&#8221;]<\/p>\n<h2 style=\"text-align: center;\">Teamet<\/h2>\n<p style=\"text-align: center;\">V\u00e5r servicepersonal hj\u00e4lper er med service, underh\u00e5ll och installationer.<\/p>\n<p>[\/et_pb_text][\/et_pb_column][\/et_pb_row][et_pb_row _builder_version=&#8221;4.27.0&#8243; _module_preset=&#8221;default&#8221; width=&#8221;100%&#8221; max_width=&#8221;1000px&#8221; custom_padding=&#8221;0px||||false|false&#8221; global_colors_info=&#8221;{}&#8221;][et_pb_column type=&#8221;4_4&#8243; _builder_version=&#8221;4.27.0&#8243; _module_preset=&#8221;default&#8221; global_colors_info=&#8221;{}&#8221;][et_pb_image src=&#8221;https:\/\/spitze.se\/wp-content\/uploads\/2024\/08\/Spitze_3x2-48.jpg&#8221; title_text=&#8221;Spitze_3x2-48&#8243; _builder_version=&#8221;4.27.0&#8243; _module_preset=&#8221;default&#8221; global_colors_info=&#8221;{}&#8221;][\/et_pb_image][\/et_pb_column][\/et_pb_row][\/et_pb_section][et_pb_section fb_built=&#8221;1&#8243; custom_padding_last_edited=&#8221;on|phone&#8221; _builder_version=&#8221;4.27.4&#8243; _module_preset=&#8221;default&#8221; background_color=&#8221;#f3f1ef&#8221; custom_padding=&#8221;100px|50px|100px|50px|true|true&#8221; custom_padding_tablet=&#8221;80px|30px|80px|30px|true|true&#8221; custom_padding_phone=&#8221;50px|20px|50px|20px|false|true&#8221; hover_enabled=&#8221;0&#8243; global_colors_info=&#8221;{}&#8221; sticky_enabled=&#8221;0&#8243;][et_pb_row column_structure=&#8221;1_2,1_2&#8243; _builder_version=&#8221;4.27.4&#8243; _module_preset=&#8221;default&#8221; width=&#8221;100%&#8221; custom_padding=&#8221;0px||0px||false|false&#8221; hover_enabled=&#8221;0&#8243; global_colors_info=&#8221;{}&#8221; sticky_enabled=&#8221;0&#8243; module_class=&#8221;split-section split-content-align-center pr-0 reverse&#8221;][et_pb_column type=&#8221;1_2&#8243; _builder_version=&#8221;4.27.0&#8243; _module_preset=&#8221;default&#8221; global_colors_info=&#8221;{}&#8221;][et_pb_image src=&#8221;https:\/\/spitze.se\/wp-content\/uploads\/2024\/11\/narbild-e1732703118380.jpg&#8221; title_text=&#8221;narbild&#8221; _builder_version=&#8221;4.27.0&#8243; _module_preset=&#8221;default&#8221; global_colors_info=&#8221;{}&#8221;][\/et_pb_image][\/et_pb_column][et_pb_column type=&#8221;1_2&#8243; _builder_version=&#8221;4.27.0&#8243; _module_preset=&#8221;default&#8221; global_colors_info=&#8221;{}&#8221;][et_pb_text module_class=&#8221;aos-fade-left&#8221; _builder_version=&#8221;4.27.0&#8243; _module_preset=&#8221;default&#8221; custom_padding=&#8221;0px||0px||false|false&#8221; global_colors_info=&#8221;{}&#8221;]<\/p>\n<h2><span>Eftermarknad<\/span><\/h2>\n<p><strong>Vi erbjuder:<\/strong><\/p>\n<ul class=\"list-check\">\n<li>Serviceavtal<\/li>\n<li>Supportavtal<\/li>\n<li>Reservdelar<\/li>\n<li>Skr\u00e4ddarsydda reservdelskit<\/li>\n<li>Utbildning<\/li>\n<\/ul>\n<p>[\/et_pb_text][\/et_pb_column][\/et_pb_row][\/et_pb_section][et_pb_section fb_built=&#8221;1&#8243; custom_padding_last_edited=&#8221;on|phone&#8221; module_class=&#8221;reverse&#8221; _builder_version=&#8221;4.27.0&#8243; _module_preset=&#8221;default&#8221; custom_padding=&#8221;100px|50px|100px|50px|true|true&#8221; custom_padding_tablet=&#8221;80px|30px|80px|30px|true|true&#8221; custom_padding_phone=&#8221;50px|20px|50px|20px|true|true&#8221; locked=&#8221;off&#8221; global_colors_info=&#8221;{}&#8221;][et_pb_row column_structure=&#8221;1_3,2_3&#8243; _builder_version=&#8221;4.27.0&#8243; _module_preset=&#8221;default&#8221; width=&#8221;100%&#8221; max_width=&#8221;1100px&#8221; custom_padding=&#8221;0px||0px||false|false&#8221; global_colors_info=&#8221;{}&#8221;][et_pb_column type=&#8221;1_3&#8243; _builder_version=&#8221;4.25.1&#8243; _module_preset=&#8221;default&#8221; global_colors_info=&#8221;{}&#8221;][et_pb_image src=&#8221;https:\/\/spitze.se\/wp-content\/uploads\/2024\/09\/Spitze_Profilbild-4.jpg&#8221; title_text=&#8221;Spitze_Profilbild-4&#8243; _builder_version=&#8221;4.27.4&#8243; _module_preset=&#8221;default&#8221; global_colors_info=&#8221;{}&#8221;][\/et_pb_image][\/et_pb_column][et_pb_column type=&#8221;2_3&#8243; _builder_version=&#8221;4.25.1&#8243; _module_preset=&#8221;default&#8221; global_colors_info=&#8221;{}&#8221;][et_pb_text _builder_version=&#8221;4.27.4&#8243; _module_preset=&#8221;default&#8221; header_2_font=&#8221;|700|||||||&#8221; header_2_text_color=&#8221;gcid-10931016-f7e4-484b-ac37-d619d2e9aa6f&#8221; header_2_font_size=&#8221;30px&#8221; header_2_line_height=&#8221;1.3em&#8221; custom_margin=&#8221;||0px||false|false&#8221; custom_padding=&#8221;||0px||false|false&#8221; global_colors_info=&#8221;{%22gcid-10931016-f7e4-484b-ac37-d619d2e9aa6f%22:%91%22header_2_text_color%22%93}&#8221;]<\/p>\n<h2>Beh\u00f6ver du support?<\/h2>\n<p>Vill du komma i kontakt med oss eller beh\u00f6ver du service av n\u00e5gon av v\u00e5ra produkter? Kontakta oss[\/et_pb_text][et_pb_text _builder_version=&#8221;4.27.4&#8243; _module_preset=&#8221;default&#8221; width=&#8221;100%&#8221; max_width=&#8221;400px&#8221; custom_margin=&#8221;30px||15px||false|false&#8221; custom_padding=&#8221;30px||||false|false&#8221; border_color_all=&#8221;gcid-25d4a206-4a37-486e-960c-5d3e41be4424&#8243; border_width_top=&#8221;1px&#8221; global_colors_info=&#8221;{%22gcid-25d4a206-4a37-486e-960c-5d3e41be4424%22:%91%22border_color_all%22%93}&#8221;]<\/p>\n<h4><strong>Marcus Ingelmark<\/strong><\/h4>\n<p>Chef Eftermarknad[\/et_pb_text][et_pb_text _builder_version=&#8221;4.27.4&#8243; _module_preset=&#8221;default&#8221; custom_margin_last_edited=&#8221;off|tablet&#8221; custom_padding=&#8221;||||false|false&#8221; custom_padding_tablet=&#8221;||30px||false|false&#8221; custom_padding_phone=&#8221;||30px||false|false&#8221; custom_padding_last_edited=&#8221;on|phone&#8221; global_colors_info=&#8221;{}&#8221;]<span style=\"text-decoration: underline;\"><a href=\"tel:+46761131933\"><span style=\"text-decoration: underline;\">+46 76 11 31 933<\/span><\/a><\/span><br \/>\n<a href=\"mailto:marcus.ingelmark@spitze.se\"><span style=\"text-decoration: underline;\">marcus.ingelmark@spitze.se<\/span><\/a>[\/et_pb_text][\/et_pb_column][\/et_pb_row][\/et_pb_section]<\/p>\n","protected":false},"excerpt":{"rendered":"<p>Support Supportteamet st\u00e5r alltid redo att hj\u00e4lpa er att l\u00f6sa era support\u00e4renden. Kontaktuppgifter Marcus Ingelmark+46 76 11 31 933 service@spitze.seTeamet V\u00e5r servicepersonal hj\u00e4lper er med service, underh\u00e5ll och installationer.Eftermarknad Vi erbjuder: Serviceavtal Supportavtal Reservdelar Skr\u00e4ddarsydda reservdelskit Utbildning Beh\u00f6ver du support? Vill du komma i kontakt med oss eller beh\u00f6ver du service av n\u00e5gon av v\u00e5ra [&hellip;]<\/p>\n","protected":false},"author":2,"featured_media":0,"parent":0,"menu_order":0,"comment_status":"closed","ping_status":"closed","template":"","meta":{"_acf_changed":false,"_et_pb_use_builder":"on","_et_pb_old_content":"","_et_gb_content_width":"","footnotes":""},"class_list":["post-26610","page","type-page","status-publish","hentry"],"acf":[],"yoast_head":"<!-- This site is optimized with the Yoast SEO plugin v27.3 - https:\/\/yoast.com\/product\/yoast-seo-wordpress\/ -->\n<title>Service - Spitze<\/title>\n<meta name=\"description\" content=\"F\u00e5 snabb hj\u00e4lp med service, support och reservdelar. V\u00e5rt team st\u00e5r redo att st\u00f6tta er med drift, underh\u00e5ll och utbildning.\" \/>\n<meta name=\"robots\" content=\"index, follow, max-snippet:-1, max-image-preview:large, max-video-preview:-1\" \/>\n<link rel=\"canonical\" href=\"https:\/\/spitze.se\/en\/service\/\" \/>\n<meta property=\"og:locale\" content=\"en_GB\" \/>\n<meta property=\"og:type\" content=\"article\" \/>\n<meta property=\"og:title\" content=\"Service - Spitze\" \/>\n<meta property=\"og:description\" content=\"F\u00e5 snabb hj\u00e4lp med service, support och reservdelar. V\u00e5rt team st\u00e5r redo att st\u00f6tta er med drift, underh\u00e5ll och utbildning.\" \/>\n<meta property=\"og:url\" content=\"https:\/\/spitze.se\/en\/service\/\" \/>\n<meta property=\"og:site_name\" content=\"Spitze\" \/>\n<meta property=\"article:modified_time\" content=\"2025-06-26T08:19:01+00:00\" \/>\n<meta name=\"twitter:card\" content=\"summary_large_image\" \/>\n<meta name=\"twitter:label1\" content=\"Est. reading time\" \/>\n\t<meta name=\"twitter:data1\" content=\"5 minutes\" \/>\n<script type=\"application\/ld+json\" class=\"yoast-schema-graph\">{\"@context\":\"https:\\\/\\\/schema.org\",\"@graph\":[{\"@type\":\"WebPage\",\"@id\":\"https:\\\/\\\/spitze.se\\\/service\\\/\",\"url\":\"https:\\\/\\\/spitze.se\\\/service\\\/\",\"name\":\"Service - Spitze\",\"isPartOf\":{\"@id\":\"https:\\\/\\\/spitze.se\\\/#website\"},\"datePublished\":\"2024-11-27T10:25:42+00:00\",\"dateModified\":\"2025-06-26T08:19:01+00:00\",\"description\":\"F\u00e5 snabb hj\u00e4lp med service, support och reservdelar. V\u00e5rt team st\u00e5r redo att st\u00f6tta er med drift, underh\u00e5ll och utbildning.\",\"breadcrumb\":{\"@id\":\"https:\\\/\\\/spitze.se\\\/service\\\/#breadcrumb\"},\"inLanguage\":\"en-GB\",\"potentialAction\":[{\"@type\":\"ReadAction\",\"target\":[\"https:\\\/\\\/spitze.se\\\/service\\\/\"]}]},{\"@type\":\"BreadcrumbList\",\"@id\":\"https:\\\/\\\/spitze.se\\\/service\\\/#breadcrumb\",\"itemListElement\":[{\"@type\":\"ListItem\",\"position\":1,\"name\":\"Home\",\"item\":\"https:\\\/\\\/spitze.se\\\/\"},{\"@type\":\"ListItem\",\"position\":2,\"name\":\"Service\"}]},{\"@type\":\"WebSite\",\"@id\":\"https:\\\/\\\/spitze.se\\\/#website\",\"url\":\"https:\\\/\\\/spitze.se\\\/\",\"name\":\"Spitze\",\"description\":\"Automatiserade f\u00f6rpackningsl\u00f6sningar\",\"potentialAction\":[{\"@type\":\"SearchAction\",\"target\":{\"@type\":\"EntryPoint\",\"urlTemplate\":\"https:\\\/\\\/spitze.se\\\/?s={search_term_string}\"},\"query-input\":{\"@type\":\"PropertyValueSpecification\",\"valueRequired\":true,\"valueName\":\"search_term_string\"}}],\"inLanguage\":\"en-GB\"}]}<\/script>\n<!-- \/ Yoast SEO plugin. -->","yoast_head_json":{"title":"Service - Spitze","description":"F\u00e5 snabb hj\u00e4lp med service, support och reservdelar. V\u00e5rt team st\u00e5r redo att st\u00f6tta er med drift, underh\u00e5ll och utbildning.","robots":{"index":"index","follow":"follow","max-snippet":"max-snippet:-1","max-image-preview":"max-image-preview:large","max-video-preview":"max-video-preview:-1"},"canonical":"https:\/\/spitze.se\/en\/service\/","og_locale":"en_GB","og_type":"article","og_title":"Service - Spitze","og_description":"F\u00e5 snabb hj\u00e4lp med service, support och reservdelar. V\u00e5rt team st\u00e5r redo att st\u00f6tta er med drift, underh\u00e5ll och utbildning.","og_url":"https:\/\/spitze.se\/en\/service\/","og_site_name":"Spitze","article_modified_time":"2025-06-26T08:19:01+00:00","twitter_card":"summary_large_image","twitter_misc":{"Est. reading time":"5 minutes"},"schema":{"@context":"https:\/\/schema.org","@graph":[{"@type":"WebPage","@id":"https:\/\/spitze.se\/service\/","url":"https:\/\/spitze.se\/service\/","name":"Service - Spitze","isPartOf":{"@id":"https:\/\/spitze.se\/#website"},"datePublished":"2024-11-27T10:25:42+00:00","dateModified":"2025-06-26T08:19:01+00:00","description":"F\u00e5 snabb hj\u00e4lp med service, support och reservdelar. V\u00e5rt team st\u00e5r redo att st\u00f6tta er med drift, underh\u00e5ll och utbildning.","breadcrumb":{"@id":"https:\/\/spitze.se\/service\/#breadcrumb"},"inLanguage":"en-GB","potentialAction":[{"@type":"ReadAction","target":["https:\/\/spitze.se\/service\/"]}]},{"@type":"BreadcrumbList","@id":"https:\/\/spitze.se\/service\/#breadcrumb","itemListElement":[{"@type":"ListItem","position":1,"name":"Home","item":"https:\/\/spitze.se\/"},{"@type":"ListItem","position":2,"name":"Service"}]},{"@type":"WebSite","@id":"https:\/\/spitze.se\/#website","url":"https:\/\/spitze.se\/","name":"lace","description":"Automated packaging solutions","potentialAction":[{"@type":"SearchAction","target":{"@type":"EntryPoint","urlTemplate":"https:\/\/spitze.se\/?s={search_term_string}"},"query-input":{"@type":"PropertyValueSpecification","valueRequired":true,"valueName":"search_term_string"}}],"inLanguage":"en-GB"}]}},"_links":{"self":[{"href":"https:\/\/spitze.se\/en\/wp-json\/wp\/v2\/pages\/26610","targetHints":{"allow":["GET"]}}],"collection":[{"href":"https:\/\/spitze.se\/en\/wp-json\/wp\/v2\/pages"}],"about":[{"href":"https:\/\/spitze.se\/en\/wp-json\/wp\/v2\/types\/page"}],"author":[{"embeddable":true,"href":"https:\/\/spitze.se\/en\/wp-json\/wp\/v2\/users\/2"}],"replies":[{"embeddable":true,"href":"https:\/\/spitze.se\/en\/wp-json\/wp\/v2\/comments?post=26610"}],"version-history":[{"count":0,"href":"https:\/\/spitze.se\/en\/wp-json\/wp\/v2\/pages\/26610\/revisions"}],"wp:attachment":[{"href":"https:\/\/spitze.se\/en\/wp-json\/wp\/v2\/media?parent=26610"}],"curies":[{"name":"wp","href":"https:\/\/api.w.org\/{rel}","templated":true}]}}