{"id":26156,"date":"2024-08-07T11:27:45","date_gmt":"2024-08-07T09:27:45","guid":{"rendered":"https:\/\/spitze.se\/?page_id=26156"},"modified":"2026-01-21T15:14:01","modified_gmt":"2026-01-21T14:14:01","slug":"kontakt","status":"publish","type":"page","link":"https:\/\/spitze.se\/en\/kontakt\/","title":{"rendered":"Contact"},"content":{"rendered":"<p>[et_pb_section fb_built=&#8221;1&#8243; custom_padding_last_edited=&#8221;on|tablet&#8221; module_class=&#8221;hero-video&#8221; _builder_version=&#8221;4.27.0&#8243; _module_preset=&#8221;default&#8221; background_video_mp4=&#8221;https:\/\/spitze.se\/wp-content\/uploads\/2024\/12\/spitze-ny.mp4&#8243; custom_padding=&#8221;200px|50px|200px|50px|true|true&#8221; custom_padding_tablet=&#8221;180px|30px|180px|30px|true|true&#8221; custom_padding_phone=&#8221;120px|20px|120px|20px|true|true&#8221; locked=&#8221;off&#8221; global_colors_info=&#8221;{}&#8221;][et_pb_row _builder_version=&#8221;4.27.0&#8243; _module_preset=&#8221;default&#8221; width=&#8221;100%&#8221; custom_padding=&#8221;0px||0px||false|false&#8221; global_colors_info=&#8221;{}&#8221;][et_pb_column type=&#8221;4_4&#8243; _builder_version=&#8221;4.27.0&#8243; _module_preset=&#8221;default&#8221; global_colors_info=&#8221;{}&#8221;][et_pb_text module_class=&#8221;aos-fade-up&#8221; _builder_version=&#8221;4.27.0&#8243; _module_preset=&#8221;default&#8221; text_text_color=&#8221;#FFFFFF&#8221; header_text_color=&#8221;#FFFFFF&#8221; global_colors_info=&#8221;{}&#8221;]<\/p>\n<h1 style=\"text-align: center;\">Kontakta oss<\/h1>\n<p style=\"text-align: center;\">Du \u00e4r alltid v\u00e4lkommen att kontakta oss! Du n\u00e5r oss via kontaktuppgifterna nedan, eller genom att kontakta n\u00e5gon av personerna l\u00e4ngre ner p\u00e5 sidan.<\/p>\n<p>[\/et_pb_text][et_pb_text _builder_version=&#8221;4.27.0&#8243; _module_preset=&#8221;default&#8221; text_text_color=&#8221;#FFFFFF&#8221; header_text_color=&#8221;#FFFFFF&#8221; global_colors_info=&#8221;{}&#8221;]<\/p>\n<p style=\"text-align: center;\"><i class=\"fa-solid fa-chevron-down bounce\"><\/i><\/p>\n<p>[\/et_pb_text][\/et_pb_column][\/et_pb_row][\/et_pb_section][et_pb_section fb_built=&#8221;1&#8243; custom_padding_last_edited=&#8221;on|phone&#8221; module_class=&#8221;cards-wrapper w-33 card-2&#8243; _builder_version=&#8221;4.27.0&#8243; _module_preset=&#8221;default&#8221; background_color=&#8221;#f3f1ef&#8221; custom_padding=&#8221;100px|50px|100px|50px|true|true&#8221; custom_padding_tablet=&#8221;80px|30px|80px|30px|true|true&#8221; custom_padding_phone=&#8221;50px|20px|50px|20px|true|true&#8221; global_colors_info=&#8221;{}&#8221;][et_pb_row column_structure=&#8221;1_3,1_3,1_3&#8243; _builder_version=&#8221;4.27.0&#8243; _module_preset=&#8221;default&#8221; width=&#8221;100%&#8221; custom_padding=&#8221;0px||0px||false|false&#8221; global_colors_info=&#8221;{}&#8221;][et_pb_column type=&#8221;1_3&#8243; _builder_version=&#8221;4.27.0&#8243; _module_preset=&#8221;default&#8221; background_color=&#8221;#FFFFFF&#8221; global_colors_info=&#8221;{}&#8221;][et_pb_text _builder_version=&#8221;4.27.4&#8243; _module_preset=&#8221;default&#8221; background_color=&#8221;#FFFFFF&#8221; custom_padding=&#8221;40px|30px|40px|30px|true|true&#8221; border_radii=&#8221;on|7px|7px|7px|7px&#8221; global_colors_info=&#8221;{}&#8221;]<\/p>\n<p class=\"icon-wrapper\"><i class=\"fa-solid fa-phone-flip\"><\/i><\/p>\n<p class=\"text-label\">Ring oss<\/p>\n<p><a href=\"tel:+4643023760\" class=\"contact-link\">+46 430 23760<\/a><\/p>\n<p>[\/et_pb_text][\/et_pb_column][et_pb_column type=&#8221;1_3&#8243; _builder_version=&#8221;4.27.0&#8243; _module_preset=&#8221;default&#8221; background_color=&#8221;#FFFFFF&#8221; global_colors_info=&#8221;{}&#8221;][et_pb_text _builder_version=&#8221;4.27.0&#8243; _module_preset=&#8221;default&#8221; background_color=&#8221;#FFFFFF&#8221; custom_padding=&#8221;40px|30px|40px|30px|true|true&#8221; border_radii=&#8221;on|7px|7px|7px|7px&#8221; global_colors_info=&#8221;{}&#8221;]<\/p>\n<p class=\"icon-wrapper\"><i class=\"fa-solid fa-at\"><\/i><\/p>\n<p class=\"text-label\">Maila oss<\/p>\n<p><a href=\"mailto:info@spitze.se\" class=\"contact-link\">info@spitze.se<\/a><\/p>\n<p>[\/et_pb_text][\/et_pb_column][et_pb_column type=&#8221;1_3&#8243; _builder_version=&#8221;4.27.0&#8243; _module_preset=&#8221;default&#8221; background_color=&#8221;#FFFFFF&#8221; global_colors_info=&#8221;{}&#8221;][et_pb_text _builder_version=&#8221;4.27.0&#8243; _module_preset=&#8221;default&#8221; background_color=&#8221;#FFFFFF&#8221; custom_padding=&#8221;40px|30px|40px|30px|true|true&#8221; border_radii=&#8221;on|7px|7px|7px|7px&#8221; global_colors_info=&#8221;{}&#8221;]<\/p>\n<p class=\"icon-wrapper\"><i class=\"fa-solid fa-map-pin\"><\/i><\/p>\n<p class=\"text-label\">Bes\u00f6k oss<\/p>\n<p><a href=\"https:\/\/maps.app.goo.gl\/27zbiR3WwkT8mnDe8\" target=\"_blank\" rel=\"noopener\" title=\"V\u00e5r adress\" class=\"contact-link\">Peter M\u00f6llers V\u00e4g 15, 312 77 Skottorp<\/a><\/p>\n<p>[\/et_pb_text][\/et_pb_column][\/et_pb_row][\/et_pb_section][et_pb_section fb_built=&#8221;1&#8243; custom_padding_last_edited=&#8221;on|phone&#8221; _builder_version=&#8221;4.27.0&#8243; _module_preset=&#8221;default&#8221; background_color=&#8221;gcid-cfcb1ecc-1d10-41ee-8e72-99db539f42a0&#8243; custom_padding=&#8221;100px|80px|100px|80px|true|true&#8221; custom_padding_tablet=&#8221;80px|30px|80px|30px|true|true&#8221; custom_padding_phone=&#8221;50px|20px|50px|20px|true|true&#8221; global_colors_info=&#8221;{%22gcid-cfcb1ecc-1d10-41ee-8e72-99db539f42a0%22:%91%22background_color%22%93}&#8221;][et_pb_row _builder_version=&#8221;4.27.0&#8243; _module_preset=&#8221;default&#8221; width=&#8221;100%&#8221; custom_padding=&#8221;0px||30px||false|false&#8221; global_colors_info=&#8221;{}&#8221;][et_pb_column type=&#8221;4_4&#8243; _builder_version=&#8221;4.27.0&#8243; _module_preset=&#8221;default&#8221; global_colors_info=&#8221;{}&#8221;][et_pb_text _builder_version=&#8221;4.27.0&#8243; _module_preset=&#8221;default&#8221; link_font=&#8221;||||on||||&#8221; link_text_color=&#8221;gcid-10931016-f7e4-484b-ac37-d619d2e9aa6f&#8221; header_font=&#8221;|700|||||||&#8221; header_text_color=&#8221;gcid-10931016-f7e4-484b-ac37-d619d2e9aa6f&#8221; header_font_size=&#8221;36px&#8221; header_2_font=&#8221;|700|||||||&#8221; header_2_text_color=&#8221;gcid-10931016-f7e4-484b-ac37-d619d2e9aa6f&#8221; header_2_font_size=&#8221;36px&#8221; header_font_size_tablet=&#8221;32px&#8221; header_font_size_phone=&#8221;28px&#8221; header_font_size_last_edited=&#8221;on|tablet&#8221; header_2_font_size_tablet=&#8221;32px&#8221; header_2_font_size_phone=&#8221;28px&#8221; header_2_font_size_last_edited=&#8221;on|tablet&#8221; global_colors_info=&#8221;{%22gcid-10931016-f7e4-484b-ac37-d619d2e9aa6f%22:%91%22header_2_text_color%22,%22link_text_color%22%93}&#8221;]<\/p>\n<h2>F\u00f6rs\u00e4ljning och projektledning<\/h2>\n<p>[\/et_pb_text][\/et_pb_column][\/et_pb_row][et_pb_row column_structure=&#8221;1_4,1_4,1_4,1_4&#8243; module_class=&#8221;cards-wrapper w-33&#8243; _builder_version=&#8221;4.27.4&#8243; _module_preset=&#8221;default&#8221; width=&#8221;100%&#8221; max_width=&#8221;1300px&#8221; custom_padding=&#8221;||0px||false|false&#8221; global_colors_info=&#8221;{}&#8221;][et_pb_column type=&#8221;1_4&#8243; _builder_version=&#8221;4.27.0&#8243; _module_preset=&#8221;default&#8221; global_colors_info=&#8221;{}&#8221;][et_pb_blurb title=&#8221;Lasse Tuneld&#8221; image=&#8221;https:\/\/spitze.se\/wp-content\/uploads\/2025\/06\/lasse-tuneld-500px.jpg&#8221; _builder_version=&#8221;4.27.4&#8243; _module_preset=&#8221;default&#8221; body_link_font=&#8221;||||on|||#a7d7da|&#8221; global_colors_info=&#8221;{}&#8221;]<\/p>\n<p><span>S\u00e4ljare<\/span><\/p>\n<p><a href=\"tel:+46725769329\">+46 72 57 69 329<\/a><br \/><a href=\"mailto:lasse.tuneld@spitze.se\">lasse.tuneld@spitze.se<\/a><\/p>\n<p>[\/et_pb_blurb][et_pb_blurb title=&#8221;Daniel Lindqvist&#8221; image=&#8221;https:\/\/spitze.se\/wp-content\/uploads\/2024\/08\/Spitze_Daniel_Lindqvist_1x1.jpg&#8221; _builder_version=&#8221;4.27.0&#8243; _module_preset=&#8221;default&#8221; body_link_font=&#8221;||||on|||#a7d7da|&#8221; global_colors_info=&#8221;{}&#8221;]<span>Kundansvarig &#038; projektledare<\/span><\/p>\n<p><a href=\"tel:+46708745792\">+46 70 87 45 792<\/a><br \/>\n<a href=\"mailto:daniel.lindqvist@spitze.se\">daniel.lindqvist@spitze.se<\/a>[\/et_pb_blurb][\/et_pb_column][et_pb_column type=&#8221;1_4&#8243; _builder_version=&#8221;4.27.0&#8243; _module_preset=&#8221;default&#8221; global_colors_info=&#8221;{}&#8221;][et_pb_blurb title=&#8221;Jonathan Bengtsson&#8221; image=&#8221;https:\/\/spitze.se\/wp-content\/uploads\/2025\/06\/jonathan-bengtsson-500px.jpg&#8221; _builder_version=&#8221;4.27.4&#8243; _module_preset=&#8221;default&#8221; body_link_font=&#8221;||||on|||#a7d7da|&#8221; global_colors_info=&#8221;{}&#8221;]<span>S\u00e4ljare<\/span><\/p>\n<p><a href=\"tel:+46703555577\">+46 70 355 55 77 <\/a><br \/>\n<a href=\"mailto:jonathan.bengtsson@spitze.se\">jonathan.bengtsson@spitze.se<\/a>[\/et_pb_blurb][et_pb_blurb title=&#8221;Peter Hassemark&#8221; image=&#8221;https:\/\/spitze.se\/wp-content\/uploads\/2024\/08\/Spitze_Peter_Hassemark_1x1.jpg&#8221; _builder_version=&#8221;4.27.0&#8243; _module_preset=&#8221;default&#8221; body_link_font=&#8221;||||on|||#a7d7da|&#8221; global_colors_info=&#8221;{}&#8221;]<span>Kundansvarig &#038; projektledare<\/span><\/p>\n<p><a href=\"tel:+46733874424\">+46 73 38 74 424<\/a><br \/>\n<a href=\"mailto:peter.hassemark@spitze.se\">peter.hassemark@spitze.se<\/a>[\/et_pb_blurb][\/et_pb_column][et_pb_column type=&#8221;1_4&#8243; _builder_version=&#8221;4.27.4&#8243; _module_preset=&#8221;default&#8221; global_colors_info=&#8221;{}&#8221;][et_pb_blurb title=&#8221;Benny Backheim&#8221; image=&#8221;https:\/\/spitze.se\/wp-content\/uploads\/2025\/06\/benny-backheim-500px.jpg&#8221; _builder_version=&#8221;4.27.4&#8243; _module_preset=&#8221;default&#8221; body_link_font=&#8221;||||on|||#a7d7da|&#8221; global_colors_info=&#8221;{}&#8221;]<span>S\u00e4ljare<\/span><\/p>\n<p><a href=\"tel:+46724556699\">+46 72 45 56 699 <\/a><br \/>\n<a href=\"mailto:benny.backheim@spitze.se\">benny.backheim@spitze.se<\/a>[\/et_pb_blurb][\/et_pb_column][et_pb_column type=&#8221;1_4&#8243; _builder_version=&#8221;4.27.0&#8243; _module_preset=&#8221;default&#8221; global_colors_info=&#8221;{}&#8221;][\/et_pb_column][\/et_pb_row][\/et_pb_section][et_pb_section fb_built=&#8221;1&#8243; custom_padding_last_edited=&#8221;on|phone&#8221; _builder_version=&#8221;4.27.0&#8243; _module_preset=&#8221;default&#8221; custom_padding=&#8221;100px|50px|100px|50px|true|true&#8221; custom_padding_tablet=&#8221;80px|30px|80px|30px|true|true&#8221; custom_padding_phone=&#8221;50px|20px|50px|20px|true|true&#8221; global_colors_info=&#8221;{}&#8221;][et_pb_row _builder_version=&#8221;4.27.0&#8243; _module_preset=&#8221;default&#8221; width=&#8221;100%&#8221; custom_padding=&#8221;0px||0px||false|false&#8221; global_colors_info=&#8221;{}&#8221;][et_pb_column type=&#8221;4_4&#8243; _builder_version=&#8221;4.27.0&#8243; _module_preset=&#8221;default&#8221; global_colors_info=&#8221;{}&#8221;][et_pb_text _builder_version=&#8221;4.27.0&#8243; _module_preset=&#8221;default&#8221; link_font=&#8221;||||on||||&#8221; link_text_color=&#8221;gcid-10931016-f7e4-484b-ac37-d619d2e9aa6f&#8221; header_font=&#8221;|700|||||||&#8221; header_text_color=&#8221;gcid-10931016-f7e4-484b-ac37-d619d2e9aa6f&#8221; header_font_size=&#8221;36px&#8221; header_2_font=&#8221;|700|||||||&#8221; header_2_text_color=&#8221;gcid-10931016-f7e4-484b-ac37-d619d2e9aa6f&#8221; header_2_font_size=&#8221;36px&#8221; header_font_size_tablet=&#8221;32px&#8221; header_font_size_phone=&#8221;28px&#8221; header_font_size_last_edited=&#8221;on|tablet&#8221; header_2_font_size_tablet=&#8221;32px&#8221; header_2_font_size_phone=&#8221;28px&#8221; header_2_font_size_last_edited=&#8221;on|tablet&#8221; global_colors_info=&#8221;{%22gcid-10931016-f7e4-484b-ac37-d619d2e9aa6f%22:%91%22header_2_text_color%22,%22link_text_color%22%93}&#8221;]<\/p>\n<h2>Ink\u00f6p och eftermarknad<\/h2>\n<p>[\/et_pb_text][\/et_pb_column][\/et_pb_row][et_pb_row column_structure=&#8221;1_3,1_3,1_3&#8243; module_class=&#8221;cards-wrapper w-33&#8243; _builder_version=&#8221;4.27.4&#8243; _module_preset=&#8221;default&#8221; width=&#8221;100%&#8221; max_width=&#8221;1300px&#8221; custom_margin=&#8221;30px|auto||auto||&#8221; custom_padding=&#8221;30px||0px||false|false&#8221; global_colors_info=&#8221;{}&#8221;][et_pb_column type=&#8221;1_3&#8243; _builder_version=&#8221;4.27.0&#8243; _module_preset=&#8221;default&#8221; global_colors_info=&#8221;{}&#8221;][et_pb_blurb title=&#8221;Johanna Str\u00f6mberg&#8221; image=&#8221;https:\/\/spitze.se\/wp-content\/uploads\/2024\/09\/Spitze_Profilbild-5.jpg&#8221; _builder_version=&#8221;4.27.0&#8243; _module_preset=&#8221;default&#8221; body_link_font=&#8221;||||on|||#a7d7da|&#8221; global_colors_info=&#8221;{}&#8221;]<span>Ink\u00f6p<\/span><\/p>\n<p><a href=\"tel:+46736002878\">+46 73 60 02 878<\/a><br \/>\n<a href=\"mailto:johanna.stromberg@spitze.se\">johanna.stromberg@spitze.se<\/a>[\/et_pb_blurb][\/et_pb_column][et_pb_column type=&#8221;1_3&#8243; _builder_version=&#8221;4.27.0&#8243; _module_preset=&#8221;default&#8221; global_colors_info=&#8221;{}&#8221;][et_pb_blurb title=&#8221;Marcus Ingelmark&#8221; image=&#8221;https:\/\/spitze.se\/wp-content\/uploads\/2024\/09\/Spitze_Profilbild-4.jpg&#8221; _builder_version=&#8221;4.27.4&#8243; _module_preset=&#8221;default&#8221; body_link_font=&#8221;||||on|||#a7d7da|&#8221; global_colors_info=&#8221;{}&#8221;]<span>Chef Eftermarknad<\/span><\/p>\n<p><a href=\"tel:+46761131933\">+46 76 11 31 933<\/a><br \/>\n<a href=\"mailto:marcus.ingelmark@spitze.se\">marcus.ingelmark@spitze.se<\/a>[\/et_pb_blurb][\/et_pb_column][et_pb_column type=&#8221;1_3&#8243; _builder_version=&#8221;4.27.0&#8243; _module_preset=&#8221;default&#8221; global_colors_info=&#8221;{}&#8221;][\/et_pb_column][\/et_pb_row][\/et_pb_section][et_pb_section fb_built=&#8221;1&#8243; custom_padding_last_edited=&#8221;on|phone&#8221; _builder_version=&#8221;4.27.0&#8243; _module_preset=&#8221;default&#8221; background_color=&#8221;#FFFFFF&#8221; custom_padding=&#8221;100px|80px|100px|80px|true|true&#8221; custom_padding_tablet=&#8221;80px|30px|80px|30px|true|true&#8221; custom_padding_phone=&#8221;50px|20px|50px|20px|true|true&#8221; global_colors_info=&#8221;{}&#8221;][et_pb_row _builder_version=&#8221;4.27.0&#8243; _module_preset=&#8221;default&#8221; width=&#8221;100%&#8221; custom_padding=&#8221;0px||30px||false|false&#8221; global_colors_info=&#8221;{}&#8221;][et_pb_column type=&#8221;4_4&#8243; _builder_version=&#8221;4.27.0&#8243; _module_preset=&#8221;default&#8221; global_colors_info=&#8221;{}&#8221;][et_pb_text _builder_version=&#8221;4.27.4&#8243; _module_preset=&#8221;default&#8221; link_font=&#8221;||||on||||&#8221; link_text_color=&#8221;gcid-10931016-f7e4-484b-ac37-d619d2e9aa6f&#8221; header_font=&#8221;|700|||||||&#8221; header_text_color=&#8221;gcid-10931016-f7e4-484b-ac37-d619d2e9aa6f&#8221; header_font_size=&#8221;36px&#8221; header_2_font=&#8221;|700|||||||&#8221; header_2_text_color=&#8221;gcid-10931016-f7e4-484b-ac37-d619d2e9aa6f&#8221; header_2_font_size=&#8221;36px&#8221; header_font_size_tablet=&#8221;32px&#8221; header_font_size_phone=&#8221;28px&#8221; header_font_size_last_edited=&#8221;on|tablet&#8221; header_2_font_size_tablet=&#8221;32px&#8221; header_2_font_size_phone=&#8221;28px&#8221; header_2_font_size_last_edited=&#8221;on|tablet&#8221; global_colors_info=&#8221;{%22gcid-10931016-f7e4-484b-ac37-d619d2e9aa6f%22:%91%22header_2_text_color%22,%22link_text_color%22%93}&#8221;]<\/p>\n<h2>Ledning<\/h2>\n<p>[\/et_pb_text][\/et_pb_column][\/et_pb_row][et_pb_row column_structure=&#8221;1_3,1_3,1_3&#8243; module_class=&#8221;cards-wrapper w-33 team-wrapper&#8221; _builder_version=&#8221;4.27.4&#8243; _module_preset=&#8221;default&#8221; width=&#8221;100%&#8221; max_width=&#8221;1300px&#8221; custom_padding=&#8221;||30px||false|false&#8221; global_colors_info=&#8221;{}&#8221;][et_pb_column type=&#8221;1_3&#8243; _builder_version=&#8221;4.27.0&#8243; _module_preset=&#8221;default&#8221; global_colors_info=&#8221;{}&#8221;][et_pb_blurb title=&#8221;Peter Kjellberg&#8221; image=&#8221;https:\/\/spitze.se\/wp-content\/uploads\/2024\/08\/Spitze_Peter_Kjellberg_1x1.jpg&#8221; _builder_version=&#8221;4.27.4&#8243; _module_preset=&#8221;default&#8221; body_link_font=&#8221;||||on|||#a7d7da|&#8221; custom_margin=&#8221;|||0px|false|false&#8221; global_colors_info=&#8221;{}&#8221;]<\/p>\n<p><span>VD<\/span><\/p>\n<p><a href=\"tel:+46733874424\">+46 73 38 74 424<\/a><br \/><a href=\"mailto:peter.kjellberg@spitze.se\">peter.kjellberg@spitze.se<\/a><\/p>\n<p>[\/et_pb_blurb][\/et_pb_column][et_pb_column type=&#8221;1_3&#8243; _builder_version=&#8221;4.27.0&#8243; _module_preset=&#8221;default&#8221; global_colors_info=&#8221;{}&#8221;][et_pb_blurb title=&#8221;Torben Salander&#8221; image=&#8221;https:\/\/spitze.se\/wp-content\/uploads\/2024\/09\/Spitze_Profilbild-34.jpg&#8221; _builder_version=&#8221;4.27.4&#8243; _module_preset=&#8221;default&#8221; body_link_font=&#8221;||||on|||#a7d7da|&#8221; global_colors_info=&#8221;{}&#8221;]<span>Chef f\u00f6r Utveckling och Konstruktion<\/span><\/p>\n<p><a href=\"tel:+46705763500\">+46 70 57 63 500<\/a><br \/>\n<a href=\"mailto:torben.salander@spitze.se\">torben.salander@spitze.se<\/a>[\/et_pb_blurb][\/et_pb_column][et_pb_column type=&#8221;1_3&#8243; _builder_version=&#8221;4.27.0&#8243; _module_preset=&#8221;default&#8221; global_colors_info=&#8221;{}&#8221;][et_pb_blurb title=&#8221;Marcus Ingelmark&#8221; image=&#8221;https:\/\/spitze.se\/wp-content\/uploads\/2024\/09\/Spitze_Profilbild-4.jpg&#8221; _builder_version=&#8221;4.27.4&#8243; _module_preset=&#8221;default&#8221; body_link_font=&#8221;||||on|||#a7d7da|&#8221; global_colors_info=&#8221;{}&#8221;]<span>Chef Eftermarknad<\/span><\/p>\n<p><a href=\"tel:+46761131933\">+46 76 11 31 933<\/a><br \/>\n<a href=\"mailto:marcus.ingelmark@spitze.se\">marcus.ingelmark@spitze.se<\/a>[\/et_pb_blurb][\/et_pb_column][\/et_pb_row][et_pb_row column_structure=&#8221;1_3,1_3,1_3&#8243; module_class=&#8221;cards-wrapper w-33&#8243; _builder_version=&#8221;4.27.4&#8243; _module_preset=&#8221;default&#8221; width=&#8221;100%&#8221; max_width=&#8221;1300px&#8221; custom_padding=&#8221;||0px||false|false&#8221; global_colors_info=&#8221;{}&#8221;][et_pb_column type=&#8221;1_3&#8243; _builder_version=&#8221;4.27.0&#8243; _module_preset=&#8221;default&#8221; global_colors_info=&#8221;{}&#8221;][et_pb_blurb title=&#8221;Magnus Johansson&#8221; image=&#8221;https:\/\/spitze.se\/wp-content\/uploads\/2024\/09\/Spitze_Profilbild-33.jpg&#8221; _builder_version=&#8221;4.27.4&#8243; _module_preset=&#8221;default&#8221; body_link_font=&#8221;||||on|||#a7d7da|&#8221; global_colors_info=&#8221;{}&#8221;]<span>Chef El &#038; Automation<\/span><\/p>\n<p><a href=\"tel:+46734278000\">+46 73 42 78 000<\/a><br \/>\n<a href=\"mailto:magnus.johansson@spitze.se\">magnus.johansson@spitze.se<\/a>[\/et_pb_blurb][\/et_pb_column][et_pb_column type=&#8221;1_3&#8243; _builder_version=&#8221;4.27.0&#8243; _module_preset=&#8221;default&#8221; global_colors_info=&#8221;{}&#8221;][et_pb_blurb title=&#8221;Daniel Rolfsson&#8221; image=&#8221;https:\/\/spitze.se\/wp-content\/uploads\/2024\/09\/Spitze_Profilbild-3.jpg&#8221; _builder_version=&#8221;4.27.4&#8243; _module_preset=&#8221;default&#8221; body_link_font=&#8221;||||on|||#a7d7da|&#8221; global_colors_info=&#8221;{}&#8221;]<\/p>\n<p><span>Chef Produktion<\/span><\/p>\n<p><a href=\"tel:+46707677619\">+46 76 833 33 15<\/a><br \/><a href=\"mailto:daniel.rolfsson@spitze.se\">daniel.rolfsson@spitze.se<\/a><\/p>\n<p>[\/et_pb_blurb][\/et_pb_column][et_pb_column type=&#8221;1_3&#8243; _builder_version=&#8221;4.27.0&#8243; _module_preset=&#8221;default&#8221; global_colors_info=&#8221;{}&#8221;][et_pb_blurb title=&#8221;Anna Zetterberg&#8221; image=&#8221;https:\/\/spitze.se\/wp-content\/uploads\/2025\/06\/anna-zetterberg-500px.jpg&#8221; _builder_version=&#8221;4.27.4&#8243; _module_preset=&#8221;default&#8221; body_link_font=&#8221;||||on|||#a7d7da|&#8221; global_colors_info=&#8221;{}&#8221;]<\/p>\n<p><span>HR-chef<\/span><\/p>\n<p><a href=\"tel:+46769222221\">+46 76 922 22 21<\/a><br \/><a href=\"mailto:anna.zetterberg@spitze.se\">anna.zetterberg@spitze.se<\/a><\/p>\n<p>[\/et_pb_blurb][\/et_pb_column][\/et_pb_row][\/et_pb_section]<\/p>\n","protected":false},"excerpt":{"rendered":"<p>Kontakta oss Du \u00e4r alltid v\u00e4lkommen att kontakta oss! Du n\u00e5r oss via kontaktuppgifterna nedan, eller genom att kontakta n\u00e5gon av personerna l\u00e4ngre ner p\u00e5 sidan. Ring oss +46 430 23760 Maila oss info@spitze.se Bes\u00f6k oss Peter M\u00f6llers V\u00e4g 15, 312 77 SkottorpF\u00f6rs\u00e4ljning och projektledningS\u00e4ljare +46 72 57 69 329lasse.tuneld@spitze.seKundansvarig &#038; projektledare +46 70 87 [&hellip;]<\/p>\n","protected":false},"author":1,"featured_media":0,"parent":0,"menu_order":0,"comment_status":"closed","ping_status":"closed","template":"","meta":{"_acf_changed":false,"_et_pb_use_builder":"on","_et_pb_old_content":"","_et_gb_content_width":"","footnotes":""},"class_list":["post-26156","page","type-page","status-publish","hentry"],"acf":[],"yoast_head":"<!-- This site is optimized with the Yoast SEO plugin v27.3 - https:\/\/yoast.com\/product\/yoast-seo-wordpress\/ -->\n<title>Kontakt - Spitze<\/title>\n<meta name=\"description\" content=\"Spitze utvecklar h\u00e5llbara, flexibla f\u00f6rpackningsmaskiner \u2013 med h\u00f6g kvalitet, lokal f\u00f6rankring och fokus p\u00e5 milj\u00f6 och kundnytta.\" \/>\n<meta name=\"robots\" content=\"index, follow, max-snippet:-1, max-image-preview:large, max-video-preview:-1\" \/>\n<link rel=\"canonical\" href=\"https:\/\/spitze.se\/en\/kontakt\/\" \/>\n<meta property=\"og:locale\" content=\"en_GB\" \/>\n<meta property=\"og:type\" content=\"article\" \/>\n<meta property=\"og:title\" content=\"Kontakt - Spitze\" \/>\n<meta property=\"og:description\" content=\"Spitze utvecklar h\u00e5llbara, flexibla f\u00f6rpackningsmaskiner \u2013 med h\u00f6g kvalitet, lokal f\u00f6rankring och fokus p\u00e5 milj\u00f6 och kundnytta.\" \/>\n<meta property=\"og:url\" content=\"https:\/\/spitze.se\/en\/kontakt\/\" \/>\n<meta property=\"og:site_name\" content=\"Spitze\" \/>\n<meta property=\"article:modified_time\" content=\"2026-01-21T14:14:01+00:00\" \/>\n<meta name=\"twitter:card\" content=\"summary_large_image\" \/>\n<meta name=\"twitter:label1\" content=\"Est. reading time\" \/>\n\t<meta name=\"twitter:data1\" content=\"10 minutes\" \/>\n<script type=\"application\/ld+json\" class=\"yoast-schema-graph\">{\"@context\":\"https:\\\/\\\/schema.org\",\"@graph\":[{\"@type\":\"WebPage\",\"@id\":\"https:\\\/\\\/spitze.se\\\/kontakt\\\/\",\"url\":\"https:\\\/\\\/spitze.se\\\/kontakt\\\/\",\"name\":\"Kontakt - Spitze\",\"isPartOf\":{\"@id\":\"https:\\\/\\\/spitze.se\\\/#website\"},\"datePublished\":\"2024-08-07T09:27:45+00:00\",\"dateModified\":\"2026-01-21T14:14:01+00:00\",\"description\":\"Spitze utvecklar h\u00e5llbara, flexibla f\u00f6rpackningsmaskiner \u2013 med h\u00f6g kvalitet, lokal f\u00f6rankring och fokus p\u00e5 milj\u00f6 och kundnytta.\",\"breadcrumb\":{\"@id\":\"https:\\\/\\\/spitze.se\\\/kontakt\\\/#breadcrumb\"},\"inLanguage\":\"en-GB\",\"potentialAction\":[{\"@type\":\"ReadAction\",\"target\":[\"https:\\\/\\\/spitze.se\\\/kontakt\\\/\"]}]},{\"@type\":\"BreadcrumbList\",\"@id\":\"https:\\\/\\\/spitze.se\\\/kontakt\\\/#breadcrumb\",\"itemListElement\":[{\"@type\":\"ListItem\",\"position\":1,\"name\":\"Home\",\"item\":\"https:\\\/\\\/spitze.se\\\/\"},{\"@type\":\"ListItem\",\"position\":2,\"name\":\"Kontakt\"}]},{\"@type\":\"WebSite\",\"@id\":\"https:\\\/\\\/spitze.se\\\/#website\",\"url\":\"https:\\\/\\\/spitze.se\\\/\",\"name\":\"Spitze\",\"description\":\"Automatiserade f\u00f6rpackningsl\u00f6sningar\",\"potentialAction\":[{\"@type\":\"SearchAction\",\"target\":{\"@type\":\"EntryPoint\",\"urlTemplate\":\"https:\\\/\\\/spitze.se\\\/?s={search_term_string}\"},\"query-input\":{\"@type\":\"PropertyValueSpecification\",\"valueRequired\":true,\"valueName\":\"search_term_string\"}}],\"inLanguage\":\"en-GB\"}]}<\/script>\n<!-- \/ Yoast SEO plugin. -->","yoast_head_json":{"title":"Contact - Tip","description":"Spitze develops sustainable, flexible packaging machines - with high quality, local roots and a focus on the environment and customer benefit.","robots":{"index":"index","follow":"follow","max-snippet":"max-snippet:-1","max-image-preview":"max-image-preview:large","max-video-preview":"max-video-preview:-1"},"canonical":"https:\/\/spitze.se\/en\/kontakt\/","og_locale":"en_GB","og_type":"article","og_title":"Kontakt - Spitze","og_description":"Spitze utvecklar h\u00e5llbara, flexibla f\u00f6rpackningsmaskiner \u2013 med h\u00f6g kvalitet, lokal f\u00f6rankring och fokus p\u00e5 milj\u00f6 och kundnytta.","og_url":"https:\/\/spitze.se\/en\/kontakt\/","og_site_name":"Spitze","article_modified_time":"2026-01-21T14:14:01+00:00","twitter_card":"summary_large_image","twitter_misc":{"Est. reading time":"10 minutes"},"schema":{"@context":"https:\/\/schema.org","@graph":[{"@type":"WebPage","@id":"https:\/\/spitze.se\/kontakt\/","url":"https:\/\/spitze.se\/kontakt\/","name":"Contact - Tip","isPartOf":{"@id":"https:\/\/spitze.se\/#website"},"datePublished":"2024-08-07T09:27:45+00:00","dateModified":"2026-01-21T14:14:01+00:00","description":"Spitze develops sustainable, flexible packaging machines - with high quality, local roots and a focus on the environment and customer benefit.","breadcrumb":{"@id":"https:\/\/spitze.se\/kontakt\/#breadcrumb"},"inLanguage":"en-GB","potentialAction":[{"@type":"ReadAction","target":["https:\/\/spitze.se\/kontakt\/"]}]},{"@type":"BreadcrumbList","@id":"https:\/\/spitze.se\/kontakt\/#breadcrumb","itemListElement":[{"@type":"ListItem","position":1,"name":"Home","item":"https:\/\/spitze.se\/"},{"@type":"ListItem","position":2,"name":"Kontakt"}]},{"@type":"WebSite","@id":"https:\/\/spitze.se\/#website","url":"https:\/\/spitze.se\/","name":"lace","description":"Automated packaging solutions","potentialAction":[{"@type":"SearchAction","target":{"@type":"EntryPoint","urlTemplate":"https:\/\/spitze.se\/?s={search_term_string}"},"query-input":{"@type":"PropertyValueSpecification","valueRequired":true,"valueName":"search_term_string"}}],"inLanguage":"en-GB"}]}},"_links":{"self":[{"href":"https:\/\/spitze.se\/en\/wp-json\/wp\/v2\/pages\/26156","targetHints":{"allow":["GET"]}}],"collection":[{"href":"https:\/\/spitze.se\/en\/wp-json\/wp\/v2\/pages"}],"about":[{"href":"https:\/\/spitze.se\/en\/wp-json\/wp\/v2\/types\/page"}],"author":[{"embeddable":true,"href":"https:\/\/spitze.se\/en\/wp-json\/wp\/v2\/users\/1"}],"replies":[{"embeddable":true,"href":"https:\/\/spitze.se\/en\/wp-json\/wp\/v2\/comments?post=26156"}],"version-history":[{"count":0,"href":"https:\/\/spitze.se\/en\/wp-json\/wp\/v2\/pages\/26156\/revisions"}],"wp:attachment":[{"href":"https:\/\/spitze.se\/en\/wp-json\/wp\/v2\/media?parent=26156"}],"curies":[{"name":"wp","href":"https:\/\/api.w.org\/{rel}","templated":true}]}}